{"id":86,"date":"2015-11-11T09:03:47","date_gmt":"2015-11-11T09:03:47","guid":{"rendered":"http:\/\/ovoda.csillagberek.hu\/?page_id=86"},"modified":"2016-02-27T21:34:06","modified_gmt":"2016-02-27T21:34:06","slug":"kerti-elet","status":"publish","type":"page","link":"https:\/\/ovoda.csillagberek.hu\/?page_id=86","title":{"rendered":"Kerti \u00e9let"},"content":{"rendered":"<p>A bej\u00e1ratt\u00f3l egy t\u00e9gla\u00fat vezet be az udvarra, amit egy r\u00f3zsakapu keretez. A gondos gyermek \u00e9s feln\u0151tt kezek munk\u00e1j\u00e1nak nyoma l\u00e1that\u00f3 a kerten, amit a v\u00e1rosban \u00e1polunk, n\u00f6vel\u00fcnk. Az udvar, a kert gyermekl\u00e9pt\u00e9k\u0171, v\u00e9dett, kicsi, takaros, ahol van egy z\u00e1rtabb homokoz\u00f3, van vir\u00e1gos kert, vannak nagyobb bokrok kuck\u00f3k kialak\u00edt\u00e1s\u00e1hoz, f\u00e1k, amikre fel lehet m\u00e1szni, amiket mi \u00fcltett\u00fcnk. Van benne egy dombocska, amir\u0151l le lehet szaladni, gurulni, sz\u00e1nk\u00f3zni. Kerti csap, ahonnan lehet locsolni, sarazni. Lehet kert\u00e9szkedni, lehet bark\u00e1csolni, f\u00e1val dolgozni, van kialak\u00edtott satupad. Lehet a z\u00f6ldhullad\u00e9kot felhaszn\u00e1lva komposztot k\u00e9sz\u00edteni. Lehet a saj\u00e1t f\u00f6ld\u00fcnket rost\u00e1lni. Megl\u00e1togatnak a madarak, itt laknak apr\u00f3bb \u00e1llatk\u00e1k. Van saj\u00e1t vetem\u00e9nyes\u00fcnk, gy\u00fcm\u00f6lcsbokraink, facsemet\u00e9ink, illatos gy\u00f3gyn\u00f6v\u00e9nyeink. Lehet gerebly\u00e9zni, \u00e1sni, \u00f6nt\u00f6zni. A mindennapjaink r\u00e9sze a kert, ha esik, ha f\u00faj, ha s\u00fct a nap. J\u00e1t\u00e9kunk a f\u00f6ld, a homok, a v\u00edz, a sz\u00e9l, az illatos lev\u00e9l. A kert az Eg\u00e9szr\u0151l egy idilli \u00e1llapot, egy talpalatnyi bizonyoss\u00e1g.<\/p>\n<p><a href=\"https:\/\/ovoda.csillagberek.hu\/wp-content\/uploads\/2015\/11\/kert.jpg\" rel=\"attachment wp-att-282\"><img loading=\"lazy\" class=\"alignnone size-medium wp-image-282\" src=\"https:\/\/ovoda.csillagberek.hu\/wp-content\/uploads\/2015\/11\/kert-632x474.jpg\" alt=\"kert\" width=\"632\" height=\"474\" srcset=\"https:\/\/ovoda.csillagberek.hu\/wp-content\/uploads\/2015\/11\/kert-632x474.jpg 632w, https:\/\/ovoda.csillagberek.hu\/wp-content\/uploads\/2015\/11\/kert-768x576.jpg 768w, https:\/\/ovoda.csillagberek.hu\/wp-content\/uploads\/2015\/11\/kert-1020x765.jpg 1020w, https:\/\/ovoda.csillagberek.hu\/wp-content\/uploads\/2015\/11\/kert-624x468.jpg 624w, https:\/\/ovoda.csillagberek.hu\/wp-content\/uploads\/2015\/11\/kert.jpg 1024w\" sizes=\"(max-width: 632px) 100vw, 632px\" \/><\/a><\/p>\n","protected":false},"excerpt":{"rendered":"<p>A bej\u00e1ratt\u00f3l egy t\u00e9gla\u00fat vezet be az udvarra, amit egy r\u00f3zsakapu keretez. A gondos gyermek \u00e9s feln\u0151tt kezek munk\u00e1j\u00e1nak nyoma l\u00e1that\u00f3 a kerten, amit a v\u00e1rosban \u00e1polunk, n\u00f6vel\u00fcnk. Az udvar, a kert gyermekl\u00e9pt\u00e9k\u0171, v\u00e9dett, kicsi, takaros, ahol van egy z\u00e1rtabb homokoz\u00f3, van vir\u00e1gos kert, vannak nagyobb bokrok kuck\u00f3k kialak\u00edt\u00e1s\u00e1hoz, f\u00e1k, amikre fel lehet m\u00e1szni, amiket [&hellip;]<\/p>\n","protected":false},"author":2,"featured_media":0,"parent":131,"menu_order":3,"comment_status":"closed","ping_status":"closed","template":"","meta":[],"_links":{"self":[{"href":"https:\/\/ovoda.csillagberek.hu\/index.php?rest_route=\/wp\/v2\/pages\/86"}],"collection":[{"href":"https:\/\/ovoda.csillagberek.hu\/index.php?rest_route=\/wp\/v2\/pages"}],"about":[{"href":"https:\/\/ovoda.csillagberek.hu\/index.php?rest_route=\/wp\/v2\/types\/page"}],"author":[{"embeddable":true,"href":"https:\/\/ovoda.csillagberek.hu\/index.php?rest_route=\/wp\/v2\/users\/2"}],"replies":[{"embeddable":true,"href":"https:\/\/ovoda.csillagberek.hu\/index.php?rest_route=%2Fwp%2Fv2%2Fcomments&post=86"}],"version-history":[{"count":3,"href":"https:\/\/ovoda.csillagberek.hu\/index.php?rest_route=\/wp\/v2\/pages\/86\/revisions"}],"predecessor-version":[{"id":283,"href":"https:\/\/ovoda.csillagberek.hu\/index.php?rest_route=\/wp\/v2\/pages\/86\/revisions\/283"}],"up":[{"embeddable":true,"href":"https:\/\/ovoda.csillagberek.hu\/index.php?rest_route=\/wp\/v2\/pages\/131"}],"wp:attachment":[{"href":"https:\/\/ovoda.csillagberek.hu\/index.php?rest_route=%2Fwp%2Fv2%2Fmedia&parent=86"}],"curies":[{"name":"wp","href":"https:\/\/api.w.org\/{rel}","templated":true}]}}