{"id":83,"date":"2015-11-11T09:03:29","date_gmt":"2015-11-11T09:03:29","guid":{"rendered":"http:\/\/ovoda.csillagberek.hu\/?page_id=83"},"modified":"2017-10-05T10:22:58","modified_gmt":"2017-10-05T10:22:58","slug":"gabonakonyha","status":"publish","type":"page","link":"https:\/\/ovoda.csillagberek.hu\/?page_id=83","title":{"rendered":"Gabonakonyha"},"content":{"rendered":"<p><a href=\"https:\/\/ovoda.csillagberek.hu\/wp-content\/uploads\/2015\/11\/Gabonakonyha1.jpg\" rel=\"attachment wp-att-253\"><img loading=\"lazy\" class=\"wp-image-253 alignright\" src=\"https:\/\/ovoda.csillagberek.hu\/wp-content\/uploads\/2015\/11\/Gabonakonyha1-632x380.jpg\" alt=\"Gabonakonyha1\" width=\"219\" height=\"132\" srcset=\"https:\/\/ovoda.csillagberek.hu\/wp-content\/uploads\/2015\/11\/Gabonakonyha1-632x380.jpg 632w, https:\/\/ovoda.csillagberek.hu\/wp-content\/uploads\/2015\/11\/Gabonakonyha1-768x462.jpg 768w, https:\/\/ovoda.csillagberek.hu\/wp-content\/uploads\/2015\/11\/Gabonakonyha1-1020x613.jpg 1020w, https:\/\/ovoda.csillagberek.hu\/wp-content\/uploads\/2015\/11\/Gabonakonyha1-624x375.jpg 624w, https:\/\/ovoda.csillagberek.hu\/wp-content\/uploads\/2015\/11\/Gabonakonyha1.jpg 1277w\" sizes=\"(max-width: 219px) 100vw, 219px\" \/><\/a>A h\u00e9t minden napj\u00e1n m\u00e1s gabon\u00e1t enni a Waldorf-m\u00f3dszer r\u00e9sze, \u00e9s kapcsolatban van a napok kozmikus energi\u00e1ival. A gabonakonyha v\u00e1ltozatoss\u00e1 t\u00e9tel\u00e9hez haszn\u00e1lunk id\u00e9nyjelleg\u0171, bio z\u00f6lds\u00e9geket, gy\u00fcm\u00f6lcs\u00f6ket, tejterm\u00e9ket \u00e9s toj\u00e1st.\u00a0\u00d3vod\u00e1nkban h\u00fasmentesen \u00e9tkez\u00fcnk. Az \u00e9telallergi\u00e1s gyermekek ig\u00e9nyeit teljes m\u00e9rt\u00e9kben figyelembe vessz\u00fck. A heti \u00e9trend ism\u00e9tl\u0151dik eg\u00e9sz \u00e9vben. A napokr\u00f3l \u00fagy besz\u00e9lnek a gyermekek, hogy \u201emajd akkor, ha pog\u00e1cs\u00e1s nap lesz\u201d. Az \u00e9trendt\u0151l \u00fcnnepek eset\u00e9n t\u00e9r\u00fcnk el.<\/p>\n<p><strong>Heti men\u00fc az \u00f3vod\u00e1ban<\/strong><\/p>\n<ul>\n<li style=\"text-align: left;\"><strong>H\u00e9tf\u0151 (Hold) &#8211;\u00a0<\/strong><strong>rizsnap<\/strong><strong>\u00a0<\/strong>&#8211;\u00a0Barnarizs kukoric\u00e1val \u00e9s sajttal, ill. n\u00f6v\u00e9nyi sajttal<\/li>\n<li style=\"text-align: left;\"><strong>Kedd (Mars) &#8211;\u00a0<\/strong><strong>\u00e1rpanap<\/strong>\u00a0&#8211; \u00c1rpalisztes k\u00e1poszt\u00e1s pog\u00e1csa<\/li>\n<li style=\"text-align: left;\"><strong>Szerda (Merk\u00far) &#8211; k\u00f6lesnap<\/strong>\u00a0&#8211; K\u00f6lesk\u00e1sa z\u00f6ldbors\u00f3val, tejf\u00f6llel, pir\u00edtott magokkal, k\u00f6lesfas\u00edrt<\/li>\n<li style=\"text-align: left;\"><strong>Cs\u00fct\u00f6rt\u00f6k (Jupiter)<\/strong><strong>\u00a0&#8211; rozsnap <\/strong>&#8211; B\u00faza-rozs cip\u00f3 zakuszk\u00e1val, toj\u00e1skr\u00e9mmel, sajttal, tejf\u00f6llel<\/li>\n<li style=\"text-align: left;\"><strong>P\u00e9ntek (V\u00e9nusz)<\/strong><strong>\u00a0&#8211; zabnap <\/strong>&#8211; Zabkifli gy\u00fcm\u00f6lccsel, h\u00e1zi lekv\u00e1rral<\/li>\n<\/ul>\n<p>&nbsp;<\/p>\n<p>Eb\u00e9det az Amalthea K\u00f6z\u00f6ss\u00e9gi Sz\u00f6vetkezett\u0151l rendel\u00fcnk<\/p>\n<p><a href=\"https:\/\/ovoda.csillagberek.hu\/wp-content\/uploads\/2015\/11\/image.jpeg\" rel=\"attachment wp-att-285\"><img loading=\"lazy\" class=\"alignnone size-medium wp-image-285\" src=\"https:\/\/ovoda.csillagberek.hu\/wp-content\/uploads\/2015\/11\/image-632x474.jpeg\" alt=\"image\" width=\"632\" height=\"474\" srcset=\"https:\/\/ovoda.csillagberek.hu\/wp-content\/uploads\/2015\/11\/image-632x474.jpeg 632w, https:\/\/ovoda.csillagberek.hu\/wp-content\/uploads\/2015\/11\/image-768x576.jpeg 768w, https:\/\/ovoda.csillagberek.hu\/wp-content\/uploads\/2015\/11\/image-1020x764.jpeg 1020w, https:\/\/ovoda.csillagberek.hu\/wp-content\/uploads\/2015\/11\/image-624x468.jpeg 624w\" sizes=\"(max-width: 632px) 100vw, 632px\" \/><\/a><\/p>\n<p>&nbsp;<\/p>\n<p>&nbsp;<\/p>\n","protected":false},"excerpt":{"rendered":"<p>A h\u00e9t minden napj\u00e1n m\u00e1s gabon\u00e1t enni a Waldorf-m\u00f3dszer r\u00e9sze, \u00e9s kapcsolatban van a napok kozmikus energi\u00e1ival. A gabonakonyha v\u00e1ltozatoss\u00e1 t\u00e9tel\u00e9hez haszn\u00e1lunk id\u00e9nyjelleg\u0171, bio z\u00f6lds\u00e9geket, gy\u00fcm\u00f6lcs\u00f6ket, tejterm\u00e9ket \u00e9s toj\u00e1st.\u00a0\u00d3vod\u00e1nkban h\u00fasmentesen \u00e9tkez\u00fcnk. Az \u00e9telallergi\u00e1s gyermekek ig\u00e9nyeit teljes m\u00e9rt\u00e9kben figyelembe vessz\u00fck. A heti \u00e9trend ism\u00e9tl\u0151dik eg\u00e9sz \u00e9vben. A napokr\u00f3l \u00fagy besz\u00e9lnek a gyermekek, hogy \u201emajd akkor, ha [&hellip;]<\/p>\n","protected":false},"author":2,"featured_media":0,"parent":131,"menu_order":4,"comment_status":"closed","ping_status":"closed","template":"","meta":[],"_links":{"self":[{"href":"https:\/\/ovoda.csillagberek.hu\/index.php?rest_route=\/wp\/v2\/pages\/83"}],"collection":[{"href":"https:\/\/ovoda.csillagberek.hu\/index.php?rest_route=\/wp\/v2\/pages"}],"about":[{"href":"https:\/\/ovoda.csillagberek.hu\/index.php?rest_route=\/wp\/v2\/types\/page"}],"author":[{"embeddable":true,"href":"https:\/\/ovoda.csillagberek.hu\/index.php?rest_route=\/wp\/v2\/users\/2"}],"replies":[{"embeddable":true,"href":"https:\/\/ovoda.csillagberek.hu\/index.php?rest_route=%2Fwp%2Fv2%2Fcomments&post=83"}],"version-history":[{"count":13,"href":"https:\/\/ovoda.csillagberek.hu\/index.php?rest_route=\/wp\/v2\/pages\/83\/revisions"}],"predecessor-version":[{"id":509,"href":"https:\/\/ovoda.csillagberek.hu\/index.php?rest_route=\/wp\/v2\/pages\/83\/revisions\/509"}],"up":[{"embeddable":true,"href":"https:\/\/ovoda.csillagberek.hu\/index.php?rest_route=\/wp\/v2\/pages\/131"}],"wp:attachment":[{"href":"https:\/\/ovoda.csillagberek.hu\/index.php?rest_route=%2Fwp%2Fv2%2Fmedia&parent=83"}],"curies":[{"name":"wp","href":"https:\/\/api.w.org\/{rel}","templated":true}]}}