{"id":71,"date":"2015-11-11T08:55:53","date_gmt":"2015-11-11T08:55:53","guid":{"rendered":"http:\/\/ovoda.csillagberek.hu\/?page_id=71"},"modified":"2020-11-17T20:16:39","modified_gmt":"2020-11-17T20:16:39","slug":"szuloi-szervezet","status":"publish","type":"page","link":"https:\/\/ovoda.csillagberek.hu\/?page_id=71","title":{"rendered":"Sz\u00fcl\u0151i szerepv\u00e1llal\u00e1s"},"content":{"rendered":"<p style=\"text-align: center;\"><em>&#8220;\u00c1ldott az az anya,<\/em><br \/>\n<em> Ki vir\u00e1got n\u00f6vel,<\/em><br \/>\n<em> \u00c1ldott az az apa,<\/em><br \/>\n<em> Ki kertecsk\u00e9t kertel.<\/em><br \/>\n<em> M\u00e1snak, nem mag\u00e1nak<\/em><br \/>\n<em> M\u00e1s emberfi\u00e1nak<\/em><br \/>\n<em> Gy\u00f6ny\u00f6r\u0171s\u00e9g\u00e9re<\/em><br \/>\n<em> Maga magzatj\u00e1nak.&#8221;<\/em><\/p>\n<p><strong>Kiknek aj\u00e1nljuk?<\/strong><\/p>\n<p>\u00d3vod\u00e1nkba olyan csal\u00e1dokat v\u00e1runk, akik nyitottak \u00e9s elfogad\u00f3ak a Waldorf-\u00e9rt\u00e9kek ir\u00e1nt, akik sz\u00e1m\u00e1ra biztons\u00e1got jelent egy egy\u00e9ni ritmus\u00fa, nem siettetett fejl\u0151d\u00e9si \u00fat, \u00e9s akik elk\u00f6telezettek a k\u00f6z\u00f6ss\u00e9gi \u00e9let \u00e9s szerepv\u00e1llal\u00e1s ir\u00e1nt. Azokat, akiknek a k\u00f6z\u00f6s egy\u00fcttm\u0171k\u00f6d\u00e9s a kiindul\u00f3pont. Elengedhetetlen, hogy a sz\u00fcl\u0151k kell\u0151en megismerj\u00e9k \u00e9s meg\u00e9rts\u00e9k a Waldorf-pedag\u00f3gi\u00e1t, \u00e9s a Csillagberek Waldorf \u00d3voda m\u0171k\u00f6d\u00e9s\u00e9vel, programj\u00e1val azonosulni tudjanak.<\/p>\n<ul>\n<li>Az \u00f3voda folyamatosan v\u00e1ltoz\u00f3: \u00e9vente meg\u00fajul\u00f3, befogad\u00f3, elenged\u0151 k\u00f6zeg.<\/li>\n<li>Az \u00f3voda a felv\u00e9tel sor\u00e1n a csal\u00e1dokat is felveszi a gyermekekkel egy\u00fctt.<\/li>\n<li>A feln\u0151tt k\u00f6z\u00f6ss\u00e9g szerepe a kehelytart\u00f3\u00e9. A form\u00e1t, a felt\u00e9teleket megteremt\u0151 feladat folytonos figyelmet, tetteket, seg\u00edts\u00e9get \u00e9s anyagi hozz\u00e1j\u00e1rul\u00e1st felt\u00e9telez. A sz\u00fcl\u0151k \u00edgy nemcsak gyermekeik \u00e1ltal, hanem odafordul\u00e1sukkal \u00e9s munk\u00e1juk felaj\u00e1nl\u00e1s\u00e1val k\u00f6zvetlen\u00fcl is kapcsol\u00f3dhatnak az \u00f3vod\u00e1hoz.<\/li>\n<li>Egy impulzussal teli feln\u0151tt k\u00f6z\u00f6ss\u00e9g, melynek er\u0151ib\u0151l mer\u00edthetnek a gyermekek is.<\/li>\n<li>A Waldorf-\u00f3voda szoci\u00e1lis szervezeti forma, ahol a gyerekek\u00e9rt t\u00f6rt\u00e9nik minden, \u00e9s a feln\u0151ttek egy\u00fcttm\u0171k\u00f6dnek, hogy eredm\u00e9nyesen \u00e9s zavartalanul folyhasson a pedag\u00f3giai munka.<\/li>\n<li>Olyan, mintha a feln\u0151ttek k\u00f6z\u00f6ss\u00e9ge egy v\u00e9d\u0151h\u00e1l\u00f3t sz\u0151ne a gyermekek k\u00f6r\u00e9, kart karba \u00f6ltve.<\/li>\n<\/ul>\n<p>A sz\u00fcl\u0151i k\u00f6z\u00f6ss\u00e9get \u00f6sszekov\u00e1csol\u00f3 lehet\u0151s\u00e9gek a rendszeres sz\u00fcl\u0151i estek, k\u00e9pz\u00e9sek, el\u0151ad\u00e1sok, besz\u00e9lget\u00e9sek, ahol ki-ki ig\u00e9nyei szerint elmer\u00fclhet pedag\u00f3giai k\u00e9rd\u00e9sekben vagy m\u0171v\u00e9szeti tev\u00e9kenys\u00e9gekben, amelyeket az \u00f3vodapedag\u00f3gusok szerveznek.<\/p>\n<p>Term\u00e9szetesen a sz\u00fcl\u0151k \u00f6nmaguk is szervezhetnek az \u00f3vodai \u00e9lettel kapcsolatos programokat (pl. lekv\u00e1rf\u0151z\u00e9s, zakuszkaf\u0151z\u00e9s, almaszed\u00e9s). R\u00e9szesei lehetnek az \u00fcnnepeknek \u00e9s azok el\u0151k\u00e9sz\u00fcleteinek (pl. Ny\u00e1r\u00fcnnep, b\u00e1boz\u00e1s, t\u0171-k\u00f6r, ny\u00e1ri t\u00e1bor, M\u00e1rton-\u00fcnnep), de konkr\u00e9t fizikai munka is v\u00e1r r\u00e1juk (pl. heti takar\u00edt\u00e1s, \u00e9v v\u00e9gi fest\u00e9s, kertrendez\u00e9s).<\/p>\n<p>A Sz\u00fcl\u0151i Sz\u00e9k \u2013 melyet a sz\u00fcl\u0151i k\u00f6z\u00f6ss\u00e9g v\u00e1laszt \u00e9vente \u2013 \u00f6sszefogja \u00e9s koordin\u00e1lja a munk\u00e1kat, melyek k\u00f6z\u00f6tt vannak konkr\u00e9t v\u00e1llal\u00e1sok \u00e9s \u00f6nk\u00e9ntes felaj\u00e1nl\u00e1sok is.<\/p>\n<p><a href=\"https:\/\/ovoda.csillagberek.hu\/wp-content\/uploads\/2015\/11\/martin3.jpg\" rel=\"attachment wp-att-305\"><img loading=\"lazy\" class=\"wp-image-305 aligncenter\" src=\"https:\/\/ovoda.csillagberek.hu\/wp-content\/uploads\/2015\/11\/martin3-632x474.jpg\" alt=\"martin3\" width=\"469\" height=\"351\" srcset=\"https:\/\/ovoda.csillagberek.hu\/wp-content\/uploads\/2015\/11\/martin3-632x474.jpg 632w, https:\/\/ovoda.csillagberek.hu\/wp-content\/uploads\/2015\/11\/martin3-768x576.jpg 768w, https:\/\/ovoda.csillagberek.hu\/wp-content\/uploads\/2015\/11\/martin3-624x468.jpg 624w, https:\/\/ovoda.csillagberek.hu\/wp-content\/uploads\/2015\/11\/martin3.jpg 1008w\" sizes=\"(max-width: 469px) 100vw, 469px\" \/><\/a><\/p>\n","protected":false},"excerpt":{"rendered":"<p>&#8220;\u00c1ldott az az anya, Ki vir\u00e1got n\u00f6vel, \u00c1ldott az az apa, Ki kertecsk\u00e9t kertel. M\u00e1snak, nem mag\u00e1nak M\u00e1s emberfi\u00e1nak Gy\u00f6ny\u00f6r\u0171s\u00e9g\u00e9re Maga magzatj\u00e1nak.&#8221; Kiknek aj\u00e1nljuk? \u00d3vod\u00e1nkba olyan csal\u00e1dokat v\u00e1runk, akik nyitottak \u00e9s elfogad\u00f3ak a Waldorf-\u00e9rt\u00e9kek ir\u00e1nt, akik sz\u00e1m\u00e1ra biztons\u00e1got jelent egy egy\u00e9ni ritmus\u00fa, nem siettetett fejl\u0151d\u00e9si \u00fat, \u00e9s akik elk\u00f6telezettek a k\u00f6z\u00f6ss\u00e9gi \u00e9let \u00e9s szerepv\u00e1llal\u00e1s ir\u00e1nt. [&hellip;]<\/p>\n","protected":false},"author":2,"featured_media":0,"parent":123,"menu_order":3,"comment_status":"closed","ping_status":"closed","template":"","meta":[],"_links":{"self":[{"href":"https:\/\/ovoda.csillagberek.hu\/index.php?rest_route=\/wp\/v2\/pages\/71"}],"collection":[{"href":"https:\/\/ovoda.csillagberek.hu\/index.php?rest_route=\/wp\/v2\/pages"}],"about":[{"href":"https:\/\/ovoda.csillagberek.hu\/index.php?rest_route=\/wp\/v2\/types\/page"}],"author":[{"embeddable":true,"href":"https:\/\/ovoda.csillagberek.hu\/index.php?rest_route=\/wp\/v2\/users\/2"}],"replies":[{"embeddable":true,"href":"https:\/\/ovoda.csillagberek.hu\/index.php?rest_route=%2Fwp%2Fv2%2Fcomments&post=71"}],"version-history":[{"count":8,"href":"https:\/\/ovoda.csillagberek.hu\/index.php?rest_route=\/wp\/v2\/pages\/71\/revisions"}],"predecessor-version":[{"id":810,"href":"https:\/\/ovoda.csillagberek.hu\/index.php?rest_route=\/wp\/v2\/pages\/71\/revisions\/810"}],"up":[{"embeddable":true,"href":"https:\/\/ovoda.csillagberek.hu\/index.php?rest_route=\/wp\/v2\/pages\/123"}],"wp:attachment":[{"href":"https:\/\/ovoda.csillagberek.hu\/index.php?rest_route=%2Fwp%2Fv2%2Fmedia&parent=71"}],"curies":[{"name":"wp","href":"https:\/\/api.w.org\/{rel}","templated":true}]}}