{"id":69,"date":"2015-11-11T08:55:29","date_gmt":"2015-11-11T08:55:29","guid":{"rendered":"http:\/\/ovoda.csillagberek.hu\/?page_id=69"},"modified":"2016-02-24T22:44:08","modified_gmt":"2016-02-24T22:44:08","slug":"kozossegi-elet","status":"publish","type":"page","link":"https:\/\/ovoda.csillagberek.hu\/?page_id=69","title":{"rendered":"\u00d6r\u00f6mj\u00e1t\u00e9k"},"content":{"rendered":"<p>Feladatunknak \u00e9rezz\u00fck, hogy a munk\u00e1nk k\u00f6r\u00fcl olyan hangulat \u00e1radjon sz\u00e9t, hogy a gyermekek ebben a meleg, der\u0171t sug\u00e1rz\u00f3 l\u00e9gk\u00f6rben, mint egy burokban j\u00f3l \u00e9rezz\u00e9k magukat, s \u00edgy folytathass\u00e1k a j\u00e1t\u00e9kot. C\u00e9lunk, hogy a gyermekek r\u00e1csod\u00e1lkozva t\u00f6lts\u00e9k mindennapjaikat az \u00f3vod\u00e1ban, mint egy \u00e9letm\u0171helyben. A szabadon j\u00e1tsz\u00f3 gyerekeknek biztos\u00edtunk berendez\u00e9seket, hogy k\u00fcl\u00f6nb\u00f6z\u0151 kuck\u00f3t, \u00e1lland\u00f3, vagy ideiglenesen meg\u00e9p\u00edthet\u0151 h\u00e1zacsk\u00e1kat \u00e9s az ezekhez tartoz\u00f3 berendez\u00e9seket elk\u00e9sz\u00edthess\u00e9k.\u00a0 Ez\u00e9rt a b\u00fatorok nagy r\u00e9sze mobiliz\u00e1lhat\u00f3 a j\u00e1t\u00e9k ideje alatt, polcok, padok, asztalok, sz\u00e9kek, l\u00e9tr\u00e1k, pall\u00f3k, melyekb\u0151l magas, t\u00f6bb gyermek befogad\u00e1s\u00e1ra k\u00e9pes \u00e9p\u00edtm\u00e9nyek sz\u00fclethetnek. <a href=\"https:\/\/ovoda.csillagberek.hu\/wp-content\/uploads\/2015\/11\/\u00d6r\u00f6mj\u00e1t\u00e9k-Medium.jpg\" rel=\"attachment wp-att-261\"><img loading=\"lazy\" class=\"wp-image-261 alignleft\" src=\"https:\/\/ovoda.csillagberek.hu\/wp-content\/uploads\/2015\/11\/\u00d6r\u00f6mj\u00e1t\u00e9k-Medium-632x421.jpg\" alt=\"\u00d6r\u00f6mj\u00e1t\u00e9k (Medium)\" width=\"410\" height=\"273\" srcset=\"https:\/\/ovoda.csillagberek.hu\/wp-content\/uploads\/2015\/11\/\u00d6r\u00f6mj\u00e1t\u00e9k-Medium-632x421.jpg 632w, https:\/\/ovoda.csillagberek.hu\/wp-content\/uploads\/2015\/11\/\u00d6r\u00f6mj\u00e1t\u00e9k-Medium-768x512.jpg 768w, https:\/\/ovoda.csillagberek.hu\/wp-content\/uploads\/2015\/11\/\u00d6r\u00f6mj\u00e1t\u00e9k-Medium-1020x680.jpg 1020w, https:\/\/ovoda.csillagberek.hu\/wp-content\/uploads\/2015\/11\/\u00d6r\u00f6mj\u00e1t\u00e9k-Medium-624x416.jpg 624w, https:\/\/ovoda.csillagberek.hu\/wp-content\/uploads\/2015\/11\/\u00d6r\u00f6mj\u00e1t\u00e9k-Medium.jpg 1152w\" sizes=\"(max-width: 410px) 100vw, 410px\" \/><\/a>A biztons\u00e1gos haszn\u00e1lat \u00e9rdek\u00e9ben k\u00f6z\u00f6s szab\u00e1lyrendszert alak\u00edtunk ki. A j\u00e1t\u00e9kszerek nagy r\u00e9sze alapelvszer\u0171en nem r\u00e9szletesen kimunk\u00e1lt, ezzel el\u0151seg\u00edtve a gyermek fant\u00e1zi\u00e1j\u00e1nak tev\u00e9kenys\u00e9g\u00e9t. A gyermek \u00fagy alkalmazza a j\u00e1t\u00e9kszert \u00e9s b\u00fatort, az anyagokat, ahogyan sz\u00fcks\u00e9ge van azokra: k\u00f6rnyezet\u00e9t alak\u00edthatja, j\u00e1t\u00e9kvil\u00e1g\u00e1t megteremtheti, \u00e9s annak lakos\u00e1v\u00e1 v\u00e1lhat. Fontos, hogy ezt figyelemmel k\u00eds\u00e9rj\u00fck \u00e9s meg\u00e9rt\u00e9ssel k\u00f6vess\u00fck. Nyitotts\u00e1gunk, kreativit\u00e1sunk, spontaneit\u00e1sunk igyeksz\u00fcnk meg\u0151rizni, hogy az adott helyzetben megfelel\u0151 eszk\u00f6zt vagy \u00f6tletet tudjunk felaj\u00e1nlani, ha p\u00e9ld\u00e1ul a gyermek nem tal\u00e1l be a j\u00e1t\u00e9k hangulat\u00e1ba, vagy a j\u00e1t\u00e9k elakad, vagy t\u00fal er\u0151sen leragad a j\u00e1tsz\u00f3 egy monoton j\u00e1t\u00e9kform\u00e1n\u00e1l. T\u00f6reksz\u00fcnk arra, hogy a konfliktushelyzeteket megel\u0151z\u0151 jeleket \u00e9szrevegy\u00fck \u00e9s ilyenkor id\u0151ben, tapintatosan bel\u00e9pj\u00fcnk a gyermek j\u00e1t\u00e9kvil\u00e1g\u00e1ba, mint szerepl\u0151, aki tov\u00e1bb seg\u00edt, majd kil\u00e9p, mintha ott sem lett volna. A j\u00e1t\u00e9k a kisgyermekkor legfontosabb \u00e9s legfejleszt\u0151bb tev\u00e9kenys\u00e9ge. A j\u00e1t\u00e9k szabad kell, hogy legyen, csakis \u00edgy vezet c\u00e9lj\u00e1hoz, az egy\u00e9ni benyom\u00e1sok feldolgoz\u00e1s\u00e1hoz. A gyermek bels\u0151 ind\u00edttat\u00e1sa, akarata \u00fagy jelenik meg a szabad j\u00e1t\u00e9kban, mint a tanul\u00e1si \u00e9s meg\u00e9rt\u00e9si v\u00e1gy, a mozg\u00e1s \u00e9s tettv\u00e1gy, az \u00e9rzelmi k\u00f6t\u0151d\u00e9s v\u00e1gya \u00e9s alkot\u00f3 erej\u00e9nek kifejez\u0151d\u00e9se. A gyermek nem kis feln\u0151tt, a gyermekkor saj\u00e1ts\u00e1gos l\u00e9tforma, saj\u00e1t sz\u00fcks\u00e9gletekkel \u00e9s lehet\u0151s\u00e9gekkel \u2013 ez a vez\u00e9rgondolatunk a szabadj\u00e1t\u00e9k megteremt\u00e9se kapcs\u00e1n.<\/p>\n","protected":false},"excerpt":{"rendered":"<p>Feladatunknak \u00e9rezz\u00fck, hogy a munk\u00e1nk k\u00f6r\u00fcl olyan hangulat \u00e1radjon sz\u00e9t, hogy a gyermekek ebben a meleg, der\u0171t sug\u00e1rz\u00f3 l\u00e9gk\u00f6rben, mint egy burokban j\u00f3l \u00e9rezz\u00e9k magukat, s \u00edgy folytathass\u00e1k a j\u00e1t\u00e9kot. C\u00e9lunk, hogy a gyermekek r\u00e1csod\u00e1lkozva t\u00f6lts\u00e9k mindennapjaikat az \u00f3vod\u00e1ban, mint egy \u00e9letm\u0171helyben. A szabadon j\u00e1tsz\u00f3 gyerekeknek biztos\u00edtunk berendez\u00e9seket, hogy k\u00fcl\u00f6nb\u00f6z\u0151 kuck\u00f3t, \u00e1lland\u00f3, vagy ideiglenesen meg\u00e9p\u00edthet\u0151 [&hellip;]<\/p>\n","protected":false},"author":2,"featured_media":0,"parent":131,"menu_order":2,"comment_status":"closed","ping_status":"closed","template":"","meta":[],"_links":{"self":[{"href":"https:\/\/ovoda.csillagberek.hu\/index.php?rest_route=\/wp\/v2\/pages\/69"}],"collection":[{"href":"https:\/\/ovoda.csillagberek.hu\/index.php?rest_route=\/wp\/v2\/pages"}],"about":[{"href":"https:\/\/ovoda.csillagberek.hu\/index.php?rest_route=\/wp\/v2\/types\/page"}],"author":[{"embeddable":true,"href":"https:\/\/ovoda.csillagberek.hu\/index.php?rest_route=\/wp\/v2\/users\/2"}],"replies":[{"embeddable":true,"href":"https:\/\/ovoda.csillagberek.hu\/index.php?rest_route=%2Fwp%2Fv2%2Fcomments&post=69"}],"version-history":[{"count":4,"href":"https:\/\/ovoda.csillagberek.hu\/index.php?rest_route=\/wp\/v2\/pages\/69\/revisions"}],"predecessor-version":[{"id":263,"href":"https:\/\/ovoda.csillagberek.hu\/index.php?rest_route=\/wp\/v2\/pages\/69\/revisions\/263"}],"up":[{"embeddable":true,"href":"https:\/\/ovoda.csillagberek.hu\/index.php?rest_route=\/wp\/v2\/pages\/131"}],"wp:attachment":[{"href":"https:\/\/ovoda.csillagberek.hu\/index.php?rest_route=%2Fwp%2Fv2%2Fmedia&parent=69"}],"curies":[{"name":"wp","href":"https:\/\/api.w.org\/{rel}","templated":true}]}}