{"id":65,"date":"2015-11-11T08:55:03","date_gmt":"2015-11-11T08:55:03","guid":{"rendered":"http:\/\/ovoda.csillagberek.hu\/?page_id=65"},"modified":"2023-07-29T07:46:22","modified_gmt":"2023-07-29T07:46:22","slug":"fenntarto","status":"publish","type":"page","link":"https:\/\/ovoda.csillagberek.hu\/?page_id=65","title":{"rendered":"Fenntart\u00f3"},"content":{"rendered":"<h3>Csillagberek Waldorf Alap\u00edtv\u00e1ny<\/h3>\n<div><span style=\"line-height: 1.4em;\">Teljes n\u00e9v: Csillagberek Waldorf Alap\u00edtv\u00e1ny<\/span><\/div>\n<div id=\"post-body-8685590406122050306\">St\u00e1tusza: k\u00f6zhaszn\u00fa szervezet<br \/>\nAlap\u00edt\u00e1s \u00e9ve: 2010<br \/>\nBejegyezte: F\u0151v\u00e1rosi B\u00edr\u00f3s\u00e1g<br \/>\nAz alap\u00edtv\u00e1ny nyilv\u00e1ntart\u00e1si sz\u00e1ma: 11.143<\/p>\n<div>Sz\u00e9khelye: 1042. Budapest \u00c1rp\u00e1d \u00fat 161-163.<\/div>\n<div><\/div>\n<div>Kurat\u00f3rium \u00f6sszet\u00e9tel\u00e9r\u0151l a\u00a0<a href=\"http:\/\/csillagberek.hu\/iskola\/fenntarto-csillagberek-waldorf-alapitvany\/\" target=\"_blank\" rel=\"noopener noreferrer\" data-saferedirecturl=\"https:\/\/www.google.com\/url?q=http:\/\/csillagberek.hu\/iskola\/fenntarto-csillagberek-waldorf-alapitvany\/&amp;source=gmail&amp;ust=1573893063173000&amp;usg=AFQjCNFoh2XNfFpBDurzWrGEW5thleG8gQ\">http:\/\/csillagberek.hu\/<wbr \/>iskola\/fenntarto-csillagberek-<wbr \/>waldorf-alapitvany\/<\/a>\u00a0oldalon t\u00e1j\u00e9koz\u00f3dhat<\/div>\n<div><\/div>\n<p>Banksz\u00e1mla sz\u00e1ma:<\/p>\n<div>16200106-11549781 Magnet Bank<\/div>\n<div>\n<div>16200106-11549798\u00a0Magnet Bank<\/div>\n<div><\/div>\n<\/div>\n<p>Ad\u00f3sz\u00e1m: 18033445-2-41<b><br \/>\n<\/b><b><br \/>\n<\/b><br \/>\nAz alap\u00edtv\u00e1ny c\u00e9lja: Waldorf-pedag\u00f3giai rendszer\u0171 \u00f3voda \u00e9s iskola fenntart\u00e1sa. A Rudolf Steiner \u00e1ltal kidolgozott Waldorf-pedag\u00f3gia m\u00f3dszereinek, eredm\u00e9nyeinek megismertet\u00e9se, n\u00e9pszer\u0171s\u00edt\u00e9se.<\/p>\n<\/div>\n<p><a href=\"https:\/\/ovoda.csillagberek.hu\/wp-content\/uploads\/2019\/11\/alap\u00edt\u00f3_okirat_.pdf\">Alap\u00edt\u00f3 okirat<\/a><\/p>\n<p><a href=\"http:\/\/csillagberek.hu\/wp-content\/uploads\/beszamolo_2011.zip\">Besz\u00e1mol\u00f3 \u00e9s k\u00f6zhaszn\u00fas\u00e1gi jelent\u00e9s 2011<\/a><\/p>\n<p><a href=\"http:\/\/csillagberek.hu\/wp-content\/uploads\/beszamolo_2012.docx\">Besz\u00e1mol\u00f3 \u00e9s k\u00f6zhaszn\u00fas\u00e1gi jelent\u00e9s 2012<\/a><\/p>\n<p><a href=\"http:\/\/csillagberek.hu\/wp-content\/uploads\/Beszamolo_2013.zip\">Besz\u00e1mol\u00f3 \u00e9s k\u00f6zhaszn\u00fas\u00e1gi jelent\u00e9s 2013<\/a><\/p>\n<p><a href=\"https:\/\/ovoda.csillagberek.hu\/wp-content\/uploads\/2019\/11\/Besz\u00e1mol\u00f3-\u00e9s-k\u00f6zhaszn\u00fa-jelent\u00e9s_2014.xls\">Besz\u00e1mol\u00f3 \u00e9s k\u00f6zhaszn\u00fa jelent\u00e9s_2014<\/a><\/p>\n<p><a href=\"https:\/\/ovoda.csillagberek.hu\/wp-content\/uploads\/2019\/11\/Besz\u00e1mol\u00f3-\u00e9s-k\u00f6zhaszn\u00fa-jelent\u00e9s_2015.pdf\">Besz\u00e1mol\u00f3 \u00e9s k\u00f6zhaszn\u00fa jelent\u00e9s_2015<\/a><\/p>\n<p><a href=\"https:\/\/ovoda.csillagberek.hu\/wp-content\/uploads\/2019\/11\/Besz\u00e1mol\u00f3-\u00e9s-k\u00f6zhaszn\u00fa-jelent\u00e9s__2016.pdf\">Besz\u00e1mol\u00f3 \u00e9s k\u00f6zhaszn\u00fa jelent\u00e9s_2016<\/a><\/p>\n","protected":false},"excerpt":{"rendered":"<p>Csillagberek Waldorf Alap\u00edtv\u00e1ny Teljes n\u00e9v: Csillagberek Waldorf Alap\u00edtv\u00e1ny St\u00e1tusza: k\u00f6zhaszn\u00fa szervezet Alap\u00edt\u00e1s \u00e9ve: 2010 Bejegyezte: F\u0151v\u00e1rosi B\u00edr\u00f3s\u00e1g Az alap\u00edtv\u00e1ny nyilv\u00e1ntart\u00e1si sz\u00e1ma: 11.143 Sz\u00e9khelye: 1042. Budapest \u00c1rp\u00e1d \u00fat 161-163. Kurat\u00f3rium \u00f6sszet\u00e9tel\u00e9r\u0151l a\u00a0http:\/\/csillagberek.hu\/iskola\/fenntarto-csillagberek-waldorf-alapitvany\/\u00a0oldalon t\u00e1j\u00e9koz\u00f3dhat Banksz\u00e1mla sz\u00e1ma: 16200106-11549781 Magnet Bank 16200106-11549798\u00a0Magnet Bank Ad\u00f3sz\u00e1m: 18033445-2-41 Az alap\u00edtv\u00e1ny c\u00e9lja: Waldorf-pedag\u00f3giai rendszer\u0171 \u00f3voda \u00e9s iskola fenntart\u00e1sa. A Rudolf Steiner \u00e1ltal kidolgozott [&hellip;]<\/p>\n","protected":false},"author":2,"featured_media":0,"parent":123,"menu_order":3,"comment_status":"closed","ping_status":"closed","template":"","meta":[],"_links":{"self":[{"href":"https:\/\/ovoda.csillagberek.hu\/index.php?rest_route=\/wp\/v2\/pages\/65"}],"collection":[{"href":"https:\/\/ovoda.csillagberek.hu\/index.php?rest_route=\/wp\/v2\/pages"}],"about":[{"href":"https:\/\/ovoda.csillagberek.hu\/index.php?rest_route=\/wp\/v2\/types\/page"}],"author":[{"embeddable":true,"href":"https:\/\/ovoda.csillagberek.hu\/index.php?rest_route=\/wp\/v2\/users\/2"}],"replies":[{"embeddable":true,"href":"https:\/\/ovoda.csillagberek.hu\/index.php?rest_route=%2Fwp%2Fv2%2Fcomments&post=65"}],"version-history":[{"count":11,"href":"https:\/\/ovoda.csillagberek.hu\/index.php?rest_route=\/wp\/v2\/pages\/65\/revisions"}],"predecessor-version":[{"id":1183,"href":"https:\/\/ovoda.csillagberek.hu\/index.php?rest_route=\/wp\/v2\/pages\/65\/revisions\/1183"}],"up":[{"embeddable":true,"href":"https:\/\/ovoda.csillagberek.hu\/index.php?rest_route=\/wp\/v2\/pages\/123"}],"wp:attachment":[{"href":"https:\/\/ovoda.csillagberek.hu\/index.php?rest_route=%2Fwp%2Fv2%2Fmedia&parent=65"}],"curies":[{"name":"wp","href":"https:\/\/api.w.org\/{rel}","templated":true}]}}