{"id":61,"date":"2024-11-18T19:00:00","date_gmt":"2024-11-18T19:00:00","guid":{"rendered":"http:\/\/ovoda.csillagberek.hu\/?page_id=61"},"modified":"2024-11-19T18:11:49","modified_gmt":"2024-11-19T18:11:49","slug":"ovodapedagogusaink","status":"publish","type":"page","link":"https:\/\/ovoda.csillagberek.hu\/?page_id=61","title":{"rendered":"\u00d3vodapedag\u00f3gusaink \u00e9s t\u00e1rsaink a munk\u00e1ban"},"content":{"rendered":"<p><strong>Demeter \u00c9va<\/strong><\/p>\n<p><a href=\"https:\/\/ovoda.csillagberek.hu\/wp-content\/uploads\/2022\/08\/portre_Eva_ujabb.jpg\"><img loading=\"lazy\" class=\"alignleft wp-image-987\" src=\"https:\/\/ovoda.csillagberek.hu\/wp-content\/uploads\/2022\/08\/portre_Eva_ujabb-632x659.jpg\" alt=\"\u00c9va\" width=\"220\" height=\"230\" srcset=\"https:\/\/ovoda.csillagberek.hu\/wp-content\/uploads\/2022\/08\/portre_Eva_ujabb-632x659.jpg 632w, https:\/\/ovoda.csillagberek.hu\/wp-content\/uploads\/2022\/08\/portre_Eva_ujabb-1020x1064.jpg 1020w, https:\/\/ovoda.csillagberek.hu\/wp-content\/uploads\/2022\/08\/portre_Eva_ujabb-768x801.jpg 768w, https:\/\/ovoda.csillagberek.hu\/wp-content\/uploads\/2022\/08\/portre_Eva_ujabb-624x651.jpg 624w, https:\/\/ovoda.csillagberek.hu\/wp-content\/uploads\/2022\/08\/portre_Eva_ujabb.jpg 1365w\" sizes=\"(max-width: 220px) 100vw, 220px\" \/><\/a>A f\u00e9rjemmel \u00e9s h\u00e1rom nagykor\u00fa gyermekkel \u00e9lek Zugl\u00f3ban. Az anyas\u00e1g v\u00e9d\u0151burk\u00e1t \u00e9lveztem hossz\u00fa \u00e9veken \u00e1t, majd meg\u00e1lmodtunk egy Waldorf \u00f3vod\u00e1t, ami 2010-ben Csillagberek n\u00e9ven vil\u00e1gra j\u00f6tt. Alap\u00edt\u00f3 \u00f3vodapedag\u00f3gusk\u00e9nt a sorsom \u00f6sszefon\u00f3dott a Csillagberek Waldorf \u00d3voda \u00e9let\u00e9vel.<br \/>\nTanulm\u00e1nyaimat a Hajd\u00fab\u00f6sz\u00f6rm\u00e9nyi \u00d3v\u00f3k\u00e9pz\u0151 F\u0151iskola \u00f3vodapedag\u00f3gus szak\u00e1n kezdtem, ahol \u00f3vodapedag\u00f3gusi diplom\u00e1t kaptam, majd Solym\u00e1ron\u00a0 szereztem a Waldorf \u00f3vodapedag\u00f3gusi k\u00e9pzetts\u00e9gemet. V\u00e1con az Apor Vilmos Katolikus F\u0151iskol\u00e1n az int\u00e9zm\u00e9nyvezet\u0151i v\u00e9gzetts\u00e9gemmel gazdagodtam. A gyermekekben rejl\u0151 titokzatos vil\u00e1got pr\u00f3b\u00e1lom megismerni, \u00e9s egy biztons\u00e1gos anya\u00f6lben fogadni \u0151ket nap, mint nap. Az \u00f3voda akt\u00edv sz\u00fcl\u0151i k\u00f6z\u00f6ss\u00e9g\u00e9vel egy olyan szoci\u00e1lis h\u00e1l\u00f3t \u00e9p\u00edt\u00fcnk, ahol bizalommal \u00e9s szeretettel fordulhatunk egym\u00e1s fel\u00e9.<\/p>\n<hr \/>\n<p><strong>Merk\u00f3 Rita<\/strong><\/p>\n<p><a href=\"https:\/\/ovoda.csillagberek.hu\/wp-content\/uploads\/2022\/08\/IMG-5d8a6ce5a22f24e1602b0d79bd92de91-V.jpg\"><img loading=\"lazy\" class=\"alignleft wp-image-982\" src=\"https:\/\/ovoda.csillagberek.hu\/wp-content\/uploads\/2022\/08\/IMG-5d8a6ce5a22f24e1602b0d79bd92de91-V-632x886.jpg\" alt=\"Rita\" width=\"220\" height=\"309\" srcset=\"https:\/\/ovoda.csillagberek.hu\/wp-content\/uploads\/2022\/08\/IMG-5d8a6ce5a22f24e1602b0d79bd92de91-V-632x886.jpg 632w, https:\/\/ovoda.csillagberek.hu\/wp-content\/uploads\/2022\/08\/IMG-5d8a6ce5a22f24e1602b0d79bd92de91-V-768x1077.jpg 768w, https:\/\/ovoda.csillagberek.hu\/wp-content\/uploads\/2022\/08\/IMG-5d8a6ce5a22f24e1602b0d79bd92de91-V-624x875.jpg 624w, https:\/\/ovoda.csillagberek.hu\/wp-content\/uploads\/2022\/08\/IMG-5d8a6ce5a22f24e1602b0d79bd92de91-V.jpg 971w\" sizes=\"(max-width: 220px) 100vw, 220px\" \/><\/a><\/p>\n<p>Az Apor Vilmos Katolikus F\u0151iskol\u00e1n v\u00e9geztem \u00f3vodapedag\u00f3gusk\u00e9nt.<br \/>\nDolgoztam \u00f6nkorm\u00e1nyzati \u00e9s mag\u00e1n\u00f3vod\u00e1ban is, amely lehet\u0151s\u00e9get adott arra, hogy az itt szerzett tapasztalataim alapj\u00e1n kialakuljon bennem egy m\u00e1s min\u0151s\u00e9gre t\u00f6rekv\u0151 ig\u00e9ny.<br \/>\n\u00d3vodai p\u00e1ly\u00e1mat a csal\u00e1dalap\u00edt\u00e1s v\u00e1ltotta fel. H\u00e1rom gyermekem sz\u00fclet\u00e9s\u00e9vel hossz\u00fa id\u0151re \u00e9desanyak\u00e9nt teljesedhettem ki. Anyak\u00e9nt is keresni kezdtem azt az \u00e9rt\u00e9krendet, amit gyerekeimnek sz\u00e1nok a csal\u00e1di f\u00e9szekb\u0151l kiker\u00fclve, \u00e9s amivel pedag\u00f3gusk\u00e9nt is tudok azonosulni. \u00cdgy ker\u00fclt\u00fcnk kapcsolatba a Waldorf pedag\u00f3gi\u00e1val. Waldorf sz\u00fcl\u0151s\u00e9gem \u00e1ltal megtal\u00e1ltam azt a m\u00e1s min\u0151s\u00e9get, amit kerestem \u00f3v\u00f3n\u0151k\u00e9nt.<br \/>\n2021-ben elkezdtem a Waldorf \u00f3vodapedag\u00f3gusi k\u00e9pz\u00e9st, \u00edgy lehet\u0151s\u00e9gem ad\u00f3dott, a hospit\u00e1l\u00e1s keretein bel\u00fcl, megismerkedni a Csillagberek \u00f3vod\u00e1val. Valahogy \u00e9reztem, hogy meg\u00e9rkeztem.<\/p>\n<hr \/>\n<p><span id=\"cch_f3ef0294905112e\" class=\"_mh6 _wsc\"><span class=\"_3oh- _58nk\"><strong>Lewit D\u00f3ra\u00a0<\/strong> &#8211; d\u00e9lut\u00e1nos \u00f3vodapedag\u00f3gus<\/span><\/span><\/p>\n<p style=\"text-align: left;\"><a href=\"https:\/\/ovoda.csillagberek.hu\/wp-content\/uploads\/2024\/11\/20240922_DoriL-scaled.jpg\"><img loading=\"lazy\" class=\"alignleft wp-image-1490\" src=\"https:\/\/ovoda.csillagberek.hu\/wp-content\/uploads\/2024\/11\/20240922_DoriL-632x884.jpg\" alt=\"\" width=\"220\" height=\"308\" srcset=\"https:\/\/ovoda.csillagberek.hu\/wp-content\/uploads\/2024\/11\/20240922_DoriL-632x884.jpg 632w, https:\/\/ovoda.csillagberek.hu\/wp-content\/uploads\/2024\/11\/20240922_DoriL-1020x1427.jpg 1020w, https:\/\/ovoda.csillagberek.hu\/wp-content\/uploads\/2024\/11\/20240922_DoriL-768x1074.jpg 768w, https:\/\/ovoda.csillagberek.hu\/wp-content\/uploads\/2024\/11\/20240922_DoriL-1098x1536.jpg 1098w, https:\/\/ovoda.csillagberek.hu\/wp-content\/uploads\/2024\/11\/20240922_DoriL-1464x2048.jpg 1464w, https:\/\/ovoda.csillagberek.hu\/wp-content\/uploads\/2024\/11\/20240922_DoriL-624x873.jpg 624w, https:\/\/ovoda.csillagberek.hu\/wp-content\/uploads\/2024\/11\/20240922_DoriL-scaled.jpg 1830w\" sizes=\"(max-width: 220px) 100vw, 220px\" \/><\/a>V\u00e9gzetts\u00e9gemet tekintve pszichol\u00f3gus vagyok, k\u00e9t kisiskol\u00e1s gyermek \u00e9desanyja. \u00d3vodapedag\u00f3gi\u00e1ra is j\u00e1rtam egy \u00e9vet, onnan nyargaltam \u00e1t a pszichol\u00f3gi\u00e1ra. Azt mindig is tudtam, hogy gyerekekkel szeretn\u00e9k foglalkozni.<br \/>\nA Csillagberek \u00f3vod\u00e1val 2019-ben ismerkedtem meg, akkor m\u00e9g sz\u00fcl\u0151i min\u0151s\u00e9gben. Mondhatni szerelem volt els\u0151 l\u00e1t\u00e1sra. Azt\u00e1n a k\u00e9t gyermekemmel itt elt\u00f6lt\u00f6tt 5 \u00e9v csak meger\u0151s\u00edtett ebben az \u00e9rz\u00e9sben, \u00edgy 2024-ben neh\u00e9z sz\u00edvvel ballagtunk el innen. \u00c1m ekkor j\u00f6tt a lehet\u0151s\u00e9g, m\u00e9gsem kellett v\u00e9gleg b\u00facs\u00fat intenem az \u00f3vod\u00e1nak, imm\u00e1ron d\u00e9lut\u00e1nos seg\u00edt\u0151k\u00e9nt lehetek jelen. Az els\u0151, ilyen min\u0151s\u00e9gemben elt\u00f6lt\u00f6tt h\u00e9t ut\u00e1n azt \u00e9reztem, hogy ebben az oviban nem csak a gyerekek vannak j\u00f3 helyen, hanem \u00e9n is megtal\u00e1ltam a helyemet.<\/p>\n<hr \/>\n<p><strong>Tr\u00e1sy \u00c1gnes<\/strong><\/p>\n<p><a href=\"https:\/\/ovoda.csillagberek.hu\/wp-content\/uploads\/2022\/08\/IMG_20220810_175717.jpg\"><img loading=\"lazy\" class=\"alignleft wp-image-981\" src=\"https:\/\/ovoda.csillagberek.hu\/wp-content\/uploads\/2022\/08\/IMG_20220810_175717-632x853.jpg\" alt=\"\u00c1gi\" width=\"220\" height=\"297\" srcset=\"https:\/\/ovoda.csillagberek.hu\/wp-content\/uploads\/2022\/08\/IMG_20220810_175717-632x853.jpg 632w, https:\/\/ovoda.csillagberek.hu\/wp-content\/uploads\/2022\/08\/IMG_20220810_175717-1020x1376.jpg 1020w, https:\/\/ovoda.csillagberek.hu\/wp-content\/uploads\/2022\/08\/IMG_20220810_175717-768x1036.jpg 768w, https:\/\/ovoda.csillagberek.hu\/wp-content\/uploads\/2022\/08\/IMG_20220810_175717-1139x1536.jpg 1139w, https:\/\/ovoda.csillagberek.hu\/wp-content\/uploads\/2022\/08\/IMG_20220810_175717-1518x2048.jpg 1518w, https:\/\/ovoda.csillagberek.hu\/wp-content\/uploads\/2022\/08\/IMG_20220810_175717-624x842.jpg 624w, https:\/\/ovoda.csillagberek.hu\/wp-content\/uploads\/2022\/08\/IMG_20220810_175717.jpg 1665w\" sizes=\"(max-width: 220px) 100vw, 220px\" \/><\/a><\/p>\n<p>Olyan t\u00f6rt\u00e9nelmi pillanatban sz\u00fclettem, hogy akt\u00edv r\u00e9szese lehettem a Waldorf-pedag\u00f3gia Magyarorsz\u00e1gon val\u00f3 t\u00e9rh\u00f3d\u00edt\u00e1s\u00e1nak. Sz\u00fcl\u0151k\u00e9nt bekapcsol\u00f3dtunk az els\u0151 magyarorsz\u00e1gi Waldorf-\u00f3voda, majd iskola \u00e9letre h\u00edv\u00e1s\u00e1ba, szervez\u00e9s\u00e9be. \u00c1t\u00e9lt\u00fck a solym\u00e1ri \u00e9s a Rozmarintsz\u00e1l Waldorf \u00f3voda, valamint a Pesthidegk\u00fati Waldorf iskola alap\u00edt\u00e1s\u00e1nak, \u00e9let\u00e9nek minden sz\u00e9ps\u00e9g\u00e9t \u00e9s neh\u00e9zs\u00e9g\u00e9t.\u00a0 \u00d6t gyermekem k\u00f6z\u00fcl n\u00e9gyen a Pesthidegk\u00fati Waldorf iskol\u00e1ban \u00e9retts\u00e9giztek.<br \/>\nA Waldorf-\u00f3v\u00f3n\u0151k\u00e9pz\u00e9s m\u00e9g sz\u00fcl\u0151k\u00e9nt felkeltette az \u00e9rdekl\u0151d\u00e9semet. \u00c9vekig voltam a k\u00e9pz\u00e9s \u00fcgyint\u00e9z\u0151je. Addig hallgattam az el\u0151ad\u00e1sokat, vettem r\u00e9szt a gyakorlati foglalkoz\u00e1sokon, m\u00edg 1999-ben elv\u00e9geztem a k\u00e9pz\u00e9st.<br \/>\nA Rozmarintsz\u00e1l \u00f3vod\u00e1ban kezdtem a baba-mama csoport vezet\u00e9s\u00e9vel. Ekkor \u00e9reztem h\u00edv\u00e1st a posztgradu\u00e1lis Waldorf-\u00f3v\u00f3n\u0151k\u00e9pz\u00e9shez hi\u00e1nyz\u00f3 szakir\u00e1ny\u00fa alapdiploma megszerz\u00e9s\u00e9re. 51 \u00e9vesen v\u00e9geztem az ELTE \u00f3vodapedag\u00f3gus szak\u00e1n. 4 \u00e9vig dolgoztam a Piliscsabai Waldorf \u00f3vod\u00e1ban, majd 2009-t\u0151l csatlakoztam az akkor indul\u00f3 Csillagberek \u00f3vod\u00e1hoz, ahol lelkes \u00e9s tetter\u0151s koll\u00e9gan\u0151re \u00e9s sz\u00fcl\u0151i k\u00f6z\u00f6ss\u00e9gre tal\u00e1ltam. 12 csod\u00e1latos \u00e9v ut\u00e1n 65 \u00e9vesen nyugd\u00edjba mentem, de m\u00e9g mindig a k\u00f6z\u00f6ss\u00e9ghez tartoz\u00f3nak \u00e9rzem magam. A Kisberek j\u00e1tsz\u00f3d\u00e9lut\u00e1nokat tov\u00e1bbra is sz\u00edvesen vezetem. Nagy \u00f6r\u00f6mmel voltam \u00e9s vagyok mind az \u00f3vod\u00e1sok, mind a kisebbek k\u00f6z\u00f6tt, \u00e9s h\u00e1l\u00e1s vagyok a sorsnak, hogy a Csillagberekben sz\u00e9p \u00e9s \u00e9rtelmes munk\u00e1t v\u00e9gezhettem, v\u00e9gezhetek.<\/p>\n<hr \/>\n<p><strong>Magyar-Stenczel Em\u0151ke<\/strong> &#8211; logop\u00e9dus<\/p>\n<p><a href=\"https:\/\/ovoda.csillagberek.hu\/wp-content\/uploads\/2022\/09\/MSEmoke.jpg\" rel=\"attachment wp-att-396\"><img loading=\"lazy\" class=\"alignleft wp-image-1013\" src=\"https:\/\/ovoda.csillagberek.hu\/wp-content\/uploads\/2022\/09\/MSEmoke-632x856.jpg\" alt=\"Em\u0151ke\" width=\"220\" height=\"298\" srcset=\"https:\/\/ovoda.csillagberek.hu\/wp-content\/uploads\/2022\/09\/MSEmoke-632x856.jpg 632w, https:\/\/ovoda.csillagberek.hu\/wp-content\/uploads\/2022\/09\/MSEmoke-768x1041.jpg 768w, https:\/\/ovoda.csillagberek.hu\/wp-content\/uploads\/2022\/09\/MSEmoke-624x846.jpg 624w, https:\/\/ovoda.csillagberek.hu\/wp-content\/uploads\/2022\/09\/MSEmoke.jpg 800w\" sizes=\"(max-width: 220px) 100vw, 220px\" \/><\/a>Logop\u00e9dus &#8211; gy\u00f3gypedag\u00f3gus vagyok, h\u00e1rom fi\u00fa \u00e9desanyja. 2021 \u00f3ta a Csillagberek Waldorf \u00d3voda logop\u00e9dusa.<br \/>\n2003-ban v\u00e9geztem logop\u00e9dia szakir\u00e1nyon az ELTE B\u00e1rczi Guszt\u00e1v Gy\u00f3gypedag\u00f3giai F\u0151iskolai Kar\u00e1n. Utols\u00f3 \u00e9ves f\u0151iskol\u00e1sk\u00e9nt m\u00e1r f\u00e9l\u00e1ll\u00e1sban dolgoztam a Kispesti Logop\u00e9diai Szakszolg\u00e1latn\u00e1l eg\u00e9szen 2017-ig, m\u00e1sodik kisfiam sz\u00fclet\u00e9s\u00e9ig. K\u00e9t \u00e9vig a SOTE K\u00fatv\u00f6lgyi Klinikai T\u00f6mb logop\u00e9dusa voltam. K\u00f6zben elv\u00e9geztem a gy\u00f3gypedag\u00f3giai mesterszakot, szakvizsg\u00e1zott gy\u00f3gypedag\u00f3gus lettem, \u00e9s tanfolyamok seg\u00edts\u00e9g\u00e9vel igyekeztem m\u00e9ly\u00edteni a szakm\u00e1val kapcsolatos tud\u00e1som.<br \/>\nMindig is t\u00f6rekedtem arra, hogy a hozz\u00e1m fordul\u00f3 gyermekekre, fiatalokra, feln\u0151ttekre ne csak a logop\u00e9dia oldal\u00e1r\u00f3l, hanem a test-l\u00e9lek-szellem egys\u00e9gek\u00e9nt tekintsek, \u00e9s \u00edgy igyekezzem seg\u00edteni \u0151ket, ezt az egys\u00e9get t\u00e1mogatva.<br \/>\nA logop\u00e9diai foglalkoz\u00e1sok alkalm\u00e1val mindig arra t\u00f6rekszem, hogy ez a harm\u00f3nia megval\u00f3suljon, a gyerekek meg\u0151rizz\u00e9k a vil\u00e1gra val\u00f3 nyitotts\u00e1gukat, der\u0171j\u00fcket.<\/p>\n<hr \/>\n<p><strong>Ag\u00f3cs Erika<\/strong>\u00a0&#8211; \u00f3vodatitk\u00e1r<\/p>\n<p>Ag\u00f3cs Erika vagyok. F\u00e9rjemmel \u00e9s gyermekeimmel \u00e9ltem \u00e1tlagos h\u00e9tk\u00f6znapjaim, amikor \u00c9va megk\u00e9rt, hogy legyek ennek a gy\u00f6ny\u00f6r\u0171 \u00e9s var\u00e1zslatos \u00f3vod\u00e1nak a titk\u00e1ra.<br \/>\nEl\u0151sz\u00f6r ugyan nem v\u00e1llaltam, m\u00e9gis n\u00e9h\u00e1ny h\u00f3nap eltelt\u00e9vel, \u00e9rdekl\u0151dve kezdem el ezt a t\u00e1mogat\u00f3 munk\u00e1t az\u00e9rt, hogy biztos h\u00e1tteret ny\u00fajthassunk k\u00f6z\u00f6sen az \u00f3vod\u00e1nknak. Benne e felfedez\u0151 \u00e9s szabad embercsoportnak, akik minden nap valami \u00fajjat l\u00e1tnak meg a Vil\u00e1gb\u00f3l, ha engedj\u00fck a r\u00e1csod\u00e1lkoz\u00e1sokat nekik.<br \/>\nK\u00edv\u00e1nom, hogy a gyermeki k\u00edv\u00e1ncsis\u00e1g \u00e9s \u0151szintes\u00e9g meg\u0151rz\u00e9se egy \u00edly szel\u00edden, m\u00e9gis er\u0151sen megtartott \u00e9s biztons\u00e1gos k\u00f6rnyezetben tov\u00e1bbra is lehets\u00e9ges legyen itt a Csillagberekben, mely k\u00f6rnyezetet nemcsak lelkileg \u00e9s szellemileg, hanem anyagilag is t\u00e1mogatva, feladatainkat folytatva, k\u00f6z\u00f6sen napr\u00f3l-napra megteremthess\u00fck. Tapasztalatokkal teli staf\u00e9t\u00e1t kapok amit most lehet\u0151s\u00e9gem ny\u00edlt a lehet\u0151 leg\u00fcgyesebben tov\u00e1bbvinni.<br \/>\nD\u00e9lut\u00e1nonk\u00e9nt vagyok el\u00e9rhet\u0151, kiv\u00e9ve a p\u00e9nteki napokon, mert akkor d\u00e9lel\u0151tt kereshettek.<\/p>\n<hr \/>\n","protected":false},"excerpt":{"rendered":"<p>Demeter \u00c9va A f\u00e9rjemmel \u00e9s h\u00e1rom nagykor\u00fa gyermekkel \u00e9lek Zugl\u00f3ban. Az anyas\u00e1g v\u00e9d\u0151burk\u00e1t \u00e9lveztem hossz\u00fa \u00e9veken \u00e1t, majd meg\u00e1lmodtunk egy Waldorf \u00f3vod\u00e1t, ami 2010-ben Csillagberek n\u00e9ven vil\u00e1gra j\u00f6tt. Alap\u00edt\u00f3 \u00f3vodapedag\u00f3gusk\u00e9nt a sorsom \u00f6sszefon\u00f3dott a Csillagberek Waldorf \u00d3voda \u00e9let\u00e9vel. Tanulm\u00e1nyaimat a Hajd\u00fab\u00f6sz\u00f6rm\u00e9nyi \u00d3v\u00f3k\u00e9pz\u0151 F\u0151iskola \u00f3vodapedag\u00f3gus szak\u00e1n kezdtem, ahol \u00f3vodapedag\u00f3gusi diplom\u00e1t kaptam, majd Solym\u00e1ron\u00a0 szereztem a Waldorf [&hellip;]<\/p>\n","protected":false},"author":9,"featured_media":0,"parent":123,"menu_order":2,"comment_status":"closed","ping_status":"closed","template":"","meta":[],"_links":{"self":[{"href":"https:\/\/ovoda.csillagberek.hu\/index.php?rest_route=\/wp\/v2\/pages\/61"}],"collection":[{"href":"https:\/\/ovoda.csillagberek.hu\/index.php?rest_route=\/wp\/v2\/pages"}],"about":[{"href":"https:\/\/ovoda.csillagberek.hu\/index.php?rest_route=\/wp\/v2\/types\/page"}],"author":[{"embeddable":true,"href":"https:\/\/ovoda.csillagberek.hu\/index.php?rest_route=\/wp\/v2\/users\/9"}],"replies":[{"embeddable":true,"href":"https:\/\/ovoda.csillagberek.hu\/index.php?rest_route=%2Fwp%2Fv2%2Fcomments&post=61"}],"version-history":[{"count":40,"href":"https:\/\/ovoda.csillagberek.hu\/index.php?rest_route=\/wp\/v2\/pages\/61\/revisions"}],"predecessor-version":[{"id":1494,"href":"https:\/\/ovoda.csillagberek.hu\/index.php?rest_route=\/wp\/v2\/pages\/61\/revisions\/1494"}],"up":[{"embeddable":true,"href":"https:\/\/ovoda.csillagberek.hu\/index.php?rest_route=\/wp\/v2\/pages\/123"}],"wp:attachment":[{"href":"https:\/\/ovoda.csillagberek.hu\/index.php?rest_route=%2Fwp%2Fv2%2Fmedia&parent=61"}],"curies":[{"name":"wp","href":"https:\/\/api.w.org\/{rel}","templated":true}]}}