{"id":59,"date":"2015-11-11T08:53:33","date_gmt":"2015-11-11T08:53:33","guid":{"rendered":"http:\/\/ovoda.csillagberek.hu\/?page_id=59"},"modified":"2023-06-04T20:27:45","modified_gmt":"2023-06-04T20:27:45","slug":"bemutatkozas","status":"publish","type":"page","link":"https:\/\/ovoda.csillagberek.hu\/?page_id=59","title":{"rendered":"El\u0151szob\u00e1nk"},"content":{"rendered":"<p>2010-ben belv\u00e1rosi j\u00e1tsz\u00f3h\u00e1zunk sz\u00fcl\u0151i kezdem\u00e9nyez\u00e9sre n\u0151tte ki mag\u00e1t \u00fajpesti \u00f3vod\u00e1v\u00e1. Egy maroknyi, Waldorf-pedag\u00f3gia ir\u00e1nt \u00e9rdekl\u0151d\u0151, elk\u00f6telezett sz\u00fcl\u0151 keresett megold\u00e1st, hogy Waldorf-\u00f3voda sz\u00fclethessen \u00e9s ebben a szellemben biztos\u00edthassa gyermekei ell\u00e1t\u00e1s\u00e1t. Kezdetben \u00dajpesten egy b\u00e9relt csal\u00e1di h\u00e1z adott\u00a0 otthont az elk\u00e9pzel\u00e9seinknek.<\/p>\n<p><span id=\"cch_f1dc7cecba25c7e\" class=\"_mh6 _wsc\"><span class=\"_3oh- _58nk\">2018-ban \u00fajra \u00e1lmodtuk az \u00f3vod\u00e1nk hely\u00e9t. Nagy kih\u00edv\u00e1s volt a r\u00e9gi panel \u00e9p\u00fclet fel\u00faj\u00edt\u00e1sa, \u00e1t\u00e9p\u00edt\u00e9se. Most becsemp\u00e9szve a term\u00e9szetess\u00e9get az \u00e9p\u00fcletbe, a vid\u00e9k hangulat\u00e1t a kertbe, t\u00e1gas helyen \u00e9lj\u00fck a mindennapokat. <\/span><\/span><\/p>\n<p><span id=\"cch_f1dc7cecba25c7e\" class=\"_mh6 _wsc\"><span class=\"_3oh- _58nk\">\u00d3vod\u00e1nk egy csoporttal\/25 f\u0151vel\/ m\u0171k\u00f6dik.<\/span><\/span><span class=\"_3oh- _58nk\"><br \/>\n<\/span><\/p>\n<p>K\u00fcl\u00f6nb\u00f6z\u0151 \u00e9letkor\u00fa gyermekeket v\u00e1runk, \u00edgy nem t\u00f6rik meg a csal\u00e1d term\u00e9szetes k\u00f6zege (testv\u00e9rek), a nagyobb gyerekek \u00e1thagyom\u00e1nyozz\u00e1k a szok\u00e1sokat az ut\u00e1nuk k\u00f6vetkez\u0151 kisebb gyermekekre, seg\u00edtik \u0151ket a j\u00e1t\u00e9k \u00e9s a tev\u00e9kenys\u00e9gek sor\u00e1n.\u00a0 Ily m\u00f3don az \u00f3voda \u2013 mint minden k\u00f6z\u00f6ss\u00e9g &#8211; a szoci\u00e1lis tanul\u00e1s sz\u00edntere is.<\/p>\n<p>Nyolc \u00f3r\u00e1t meghalad\u00f3 nyitva tart\u00e1ssal m\u0171k\u00f6d\u00fcnk, b\u00e1r valljuk, hogy az \u00f3vod\u00e1skor\u00fa gyermek sz\u00e1m\u00e1ra fontos, hogy a d\u00e9lut\u00e1nokat lehet\u0151leg otthon t\u00f6ltse, ahol feldolgozhatja a d\u00e9lel\u0151tt sor\u00e1n \u0151t \u00e9rt \u00e9lm\u00e9nyeket. Ez a pihen\u0151id\u0151 biztos\u00edtja nyugodt fejl\u0151d\u00e9s\u00e9t, ismeretei elm\u00e9ly\u00fcl\u00e9s\u00e9t. Igyeksz\u00fcnk azoknak a kisgyerekeknek ezeket az intim felt\u00e9teleket megteremteni, akik a d\u00e9lut\u00e1ni pihen\u0151j\u00fcket az \u00f3vod\u00e1ban t\u00f6ltik.<\/p>\n<p>\u00d3vod\u00e1nk egy csoportos, 25 f\u00e9r\u0151hellyel, ahol k\u00e9t \u00f3vodapedag\u00f3gus \u00e9s egy dajka fogadja a gyermekeket. \u0150k alkotj\u00e1k a nevel\u0151test\u00fcletet, s minden nevel\u00e9sre, pedag\u00f3gi\u00e1ra k\u00f6zvetve vagy k\u00f6zvetlen\u00fcl kihat\u00f3 k\u00e9rd\u00e9sben az \u00e1ltaluk alkotott konferencia vezeti az \u00f3vod\u00e1t. Munk\u00e1jukat az \u00f3vodatitk\u00e1runk seg\u00edti.<strong>\u00a0<\/strong><\/p>\n<p>\u00d6sszhangban a Csillagberek \u00d3voda pedag\u00f3giai programj\u00e1val, a gyermekek jelentkez\u00e9s\u00e9t 3 \u00e9s f\u00e9l &#8211; n\u00e9gy \u00e9ves koruk bet\u00f6lt\u00e9se k\u00f6r\u00fcl tudjuk fogadni. Ennek magyar\u00e1zata, hogy a gyermekek \u00e1ltal\u00e1ban 3 \u00e9s 4 \u00e9ves koruk k\u00f6z\u00f6tt v\u00e1lnak \u00e9rett\u00e9 arra, hogy egy k\u00f6z\u00f6ss\u00e9gbe beilleszkedjenek. Elv\u00e1lni az \u00e9desany\u00e1t\u00f3l, \u00faj szok\u00e1sokhoz, szab\u00e1lyokhoz alkalmazkodni, konfliktushelyzetekkel megbirk\u00f3zni nem k\u00f6nny\u0171 feladat egy ilyen kicsi gyereknek. A tapasztalat is azt mutatja, hogy a vegyes \u00e9letkor\u00fa csoportba val\u00f3 beilleszked\u00e9s alkalmazkod\u00e1ssal j\u00e1r.\u00a0A felv\u00e9telr\u0151l a mindenkori nevel\u0151test\u00fclet d\u00f6nt.<\/p>\n<p style=\"text-align: center;\"><a href=\"https:\/\/ovoda.csillagberek.hu\/wp-content\/uploads\/2015\/11\/n\u00e1ndi.jpg\"><img loading=\"lazy\" class=\"alignnone  wp-image-557\" src=\"https:\/\/ovoda.csillagberek.hu\/wp-content\/uploads\/2015\/11\/n\u00e1ndi-632x632.jpg\" alt=\"\" width=\"447\" height=\"447\" srcset=\"https:\/\/ovoda.csillagberek.hu\/wp-content\/uploads\/2015\/11\/n\u00e1ndi-632x632.jpg 632w, https:\/\/ovoda.csillagberek.hu\/wp-content\/uploads\/2015\/11\/n\u00e1ndi-768x768.jpg 768w, https:\/\/ovoda.csillagberek.hu\/wp-content\/uploads\/2015\/11\/n\u00e1ndi-624x624.jpg 624w, https:\/\/ovoda.csillagberek.hu\/wp-content\/uploads\/2015\/11\/n\u00e1ndi.jpg 960w\" sizes=\"(max-width: 447px) 100vw, 447px\" \/><\/a><\/p>\n","protected":false},"excerpt":{"rendered":"<p>2010-ben belv\u00e1rosi j\u00e1tsz\u00f3h\u00e1zunk sz\u00fcl\u0151i kezdem\u00e9nyez\u00e9sre n\u0151tte ki mag\u00e1t \u00fajpesti \u00f3vod\u00e1v\u00e1. Egy maroknyi, Waldorf-pedag\u00f3gia ir\u00e1nt \u00e9rdekl\u0151d\u0151, elk\u00f6telezett sz\u00fcl\u0151 keresett megold\u00e1st, hogy Waldorf-\u00f3voda sz\u00fclethessen \u00e9s ebben a szellemben biztos\u00edthassa gyermekei ell\u00e1t\u00e1s\u00e1t. Kezdetben \u00dajpesten egy b\u00e9relt csal\u00e1di h\u00e1z adott\u00a0 otthont az elk\u00e9pzel\u00e9seinknek. 2018-ban \u00fajra \u00e1lmodtuk az \u00f3vod\u00e1nk hely\u00e9t. Nagy kih\u00edv\u00e1s volt a r\u00e9gi panel \u00e9p\u00fclet fel\u00faj\u00edt\u00e1sa, \u00e1t\u00e9p\u00edt\u00e9se. Most [&hellip;]<\/p>\n","protected":false},"author":2,"featured_media":0,"parent":123,"menu_order":1,"comment_status":"closed","ping_status":"closed","template":"","meta":[],"_links":{"self":[{"href":"https:\/\/ovoda.csillagberek.hu\/index.php?rest_route=\/wp\/v2\/pages\/59"}],"collection":[{"href":"https:\/\/ovoda.csillagberek.hu\/index.php?rest_route=\/wp\/v2\/pages"}],"about":[{"href":"https:\/\/ovoda.csillagberek.hu\/index.php?rest_route=\/wp\/v2\/types\/page"}],"author":[{"embeddable":true,"href":"https:\/\/ovoda.csillagberek.hu\/index.php?rest_route=\/wp\/v2\/users\/2"}],"replies":[{"embeddable":true,"href":"https:\/\/ovoda.csillagberek.hu\/index.php?rest_route=%2Fwp%2Fv2%2Fcomments&post=59"}],"version-history":[{"count":8,"href":"https:\/\/ovoda.csillagberek.hu\/index.php?rest_route=\/wp\/v2\/pages\/59\/revisions"}],"predecessor-version":[{"id":1176,"href":"https:\/\/ovoda.csillagberek.hu\/index.php?rest_route=\/wp\/v2\/pages\/59\/revisions\/1176"}],"up":[{"embeddable":true,"href":"https:\/\/ovoda.csillagberek.hu\/index.php?rest_route=\/wp\/v2\/pages\/123"}],"wp:attachment":[{"href":"https:\/\/ovoda.csillagberek.hu\/index.php?rest_route=%2Fwp%2Fv2%2Fmedia&parent=59"}],"curies":[{"name":"wp","href":"https:\/\/api.w.org\/{rel}","templated":true}]}}