{"id":541,"date":"2017-11-13T17:44:36","date_gmt":"2017-11-13T17:44:36","guid":{"rendered":"http:\/\/ovoda.csillagberek.hu\/?page_id=541"},"modified":"2026-01-05T10:47:37","modified_gmt":"2026-01-05T10:47:37","slug":"2018-as-csaladi-naptar","status":"publish","type":"page","link":"https:\/\/ovoda.csillagberek.hu\/?page_id=541","title":{"rendered":"2026-os csal\u00e1di napt\u00e1r"},"content":{"rendered":"\n<p><strong>\u00d3VOD\u00c1NK 2026. \u00c9VI CSAL\u00c1DI NAPT\u00c1RA M\u00c1R RENDELHET\u0150!<\/strong><\/p>\n\n\n\n<p>Ez a napt\u00e1r nemcsak egy praktikus r\u00e9sze az otthonunknak, vagy szeretteinknek sz\u00e1nt hasznos aj\u00e1nd\u00e9ka, hanem egy olyan eml\u00e9k is, amely minden otthonba elhozza az \u00f3voda melegs\u00e9g\u00e9t \u00e9s harm\u00f3ni\u00e1j\u00e1t.<\/p>\n\n\n\n<p>Bor\u00edt\u00f3k\u00e9pen \u00d3vod\u00e1nk egy elballagott gyermek csemete munk\u00e1ja l\u00e1that\u00f3.<br>A Waldorf \u00f3voda utols\u00f3 id\u0151szak\u00e1ban a gyermek k\u00e9zben form\u00e1lt munk\u00e1ja nem csup\u00e1n egy kedves t\u00e1rgy, hanem annak a bels\u0151 \u00fatnak a megjelen\u00e9se, amelyet az \u00e9vek alatt bej\u00e1rt. A kis h\u00e1zik\u00f3 \u00e9s lak\u00f3ja mag\u00e1ban hordozza az otthonoss\u00e1g \u00e9lm\u00e9ny\u00e9t, a k\u00f6z\u00f6ss\u00e9ghez tartoz\u00e1st \u00e9s a vil\u00e1g fel\u00e9 val\u00f3 lass\u00fa nyit\u00f3d\u00e1st.<\/p>\n\n\n\n<p>Minden h\u00f3napn\u00e1l az \u00f3vodapedag\u00f3gusaink arany keze \u00e1ltal alkotott, \u00f3vod\u00e1nk sz\u00edv\u00e9ben kialak\u00edtott \u00e9vszakasztal fot\u00f3i jelennek meg, lapr\u00f3l lapra k\u00f6vetve folyton v\u00e1ltoz\u00f3 arc\u00e1t \u00e9s egyben t\u00fckr\u00f6zve az \u00e9v ritmus\u00e1t. Mindez\u00e1ltal becsemp\u00e9szve hangulat\u00e1t saj\u00e1t otthonunkba is.<\/p>\n\n\n\n<p>Rendel\u00e9s online, a k\u00f6vetkez\u0151 linken: <strong><span class=\"has-inline-color has-blue-color\"><a href=\"https:\/\/forms.gle\/pr1dasuQr37YJUTaA\" data-type=\"URL\" data-id=\"https:\/\/forms.gle\/pr1dasuQr37YJUTaA\" target=\"_blank\" rel=\"noreferrer noopener\">LINK<\/a><\/span><\/strong><\/p>\n\n\n\n<p>\u00c1tv\u00e9tel: Budapesten \u00e9s vid\u00e9ken is t\u00f6bb helysz\u00ednen szem\u00e9lyesen, de ak\u00e1r csomagk\u00e9nt is k\u00fcldj\u00fck,ha ezek egyike sem megoldhat\u00f3. R\u00e9szletek a rendel\u00e9si link alatt.<\/p>\n\n\n\n<p>Alap \u00e1r: 3.900Ft<br>T\u00e1mogat\u00f3i \u00e1r egy\u00e9ni \u00f6sszeg.<\/p>\n\n\n\n<p>M\u00e9rete: 220 X 480 mm<br>Spir\u00e1llal lapozhat\u00f3, \u00f6t oszlop seg\u00edts\u00e9g\u00e9vel egy nagyobb csal\u00e1d programjai is k\u00e9nyelmesen tervezhet\u0151. A n\u00e9vnapok, az \u00fcnnepek \u00e9s a holdf\u00e1zisok szint\u00e9n a napt\u00e1r r\u00e9sz\u00e9t k\u00e9pezik.<\/p>\n\n\n\n<p>Minden v\u00e1s\u00e1rl\u00e1s a k\u00f6z\u00f6ss\u00e9get t\u00e1mogatja.<\/p>\n\n\n\n<figure class=\"wp-block-image size-full\"><a href=\"https:\/\/ovoda.csillagberek.hu\/wp-content\/uploads\/2025\/11\/2026.-evi-csaladi-naptar_20251121_234810_0002.jpg\"><img loading=\"lazy\" width=\"940\" height=\"788\" src=\"https:\/\/ovoda.csillagberek.hu\/wp-content\/uploads\/2025\/11\/2026.-evi-csaladi-naptar_20251121_234810_0002.jpg\" alt=\"\" class=\"wp-image-1617\" srcset=\"https:\/\/ovoda.csillagberek.hu\/wp-content\/uploads\/2025\/11\/2026.-evi-csaladi-naptar_20251121_234810_0002.jpg 940w, https:\/\/ovoda.csillagberek.hu\/wp-content\/uploads\/2025\/11\/2026.-evi-csaladi-naptar_20251121_234810_0002-632x530.jpg 632w, https:\/\/ovoda.csillagberek.hu\/wp-content\/uploads\/2025\/11\/2026.-evi-csaladi-naptar_20251121_234810_0002-768x644.jpg 768w, https:\/\/ovoda.csillagberek.hu\/wp-content\/uploads\/2025\/11\/2026.-evi-csaladi-naptar_20251121_234810_0002-624x523.jpg 624w\" sizes=\"(max-width: 940px) 100vw, 940px\" \/><\/a><\/figure>\n\n\n\n<p><\/p>\n","protected":false},"excerpt":{"rendered":"<p>\u00d3VOD\u00c1NK 2026. \u00c9VI CSAL\u00c1DI NAPT\u00c1RA M\u00c1R RENDELHET\u0150! Ez a napt\u00e1r nemcsak egy praktikus r\u00e9sze az otthonunknak, vagy szeretteinknek sz\u00e1nt hasznos aj\u00e1nd\u00e9ka, hanem egy olyan eml\u00e9k is, amely minden otthonba elhozza az \u00f3voda melegs\u00e9g\u00e9t \u00e9s harm\u00f3ni\u00e1j\u00e1t. Bor\u00edt\u00f3k\u00e9pen \u00d3vod\u00e1nk egy elballagott gyermek csemete munk\u00e1ja l\u00e1that\u00f3.A Waldorf \u00f3voda utols\u00f3 id\u0151szak\u00e1ban a gyermek k\u00e9zben form\u00e1lt munk\u00e1ja nem csup\u00e1n egy [&hellip;]<\/p>\n","protected":false},"author":6,"featured_media":0,"parent":0,"menu_order":0,"comment_status":"closed","ping_status":"closed","template":"","meta":[],"_links":{"self":[{"href":"https:\/\/ovoda.csillagberek.hu\/index.php?rest_route=\/wp\/v2\/pages\/541"}],"collection":[{"href":"https:\/\/ovoda.csillagberek.hu\/index.php?rest_route=\/wp\/v2\/pages"}],"about":[{"href":"https:\/\/ovoda.csillagberek.hu\/index.php?rest_route=\/wp\/v2\/types\/page"}],"author":[{"embeddable":true,"href":"https:\/\/ovoda.csillagberek.hu\/index.php?rest_route=\/wp\/v2\/users\/6"}],"replies":[{"embeddable":true,"href":"https:\/\/ovoda.csillagberek.hu\/index.php?rest_route=%2Fwp%2Fv2%2Fcomments&post=541"}],"version-history":[{"count":67,"href":"https:\/\/ovoda.csillagberek.hu\/index.php?rest_route=\/wp\/v2\/pages\/541\/revisions"}],"predecessor-version":[{"id":1624,"href":"https:\/\/ovoda.csillagberek.hu\/index.php?rest_route=\/wp\/v2\/pages\/541\/revisions\/1624"}],"wp:attachment":[{"href":"https:\/\/ovoda.csillagberek.hu\/index.php?rest_route=%2Fwp%2Fv2%2Fmedia&parent=541"}],"curies":[{"name":"wp","href":"https:\/\/api.w.org\/{rel}","templated":true}]}}