{"id":45,"date":"2026-01-05T16:16:00","date_gmt":"2026-01-05T16:16:00","guid":{"rendered":"http:\/\/ovoda.csillagberek.hu\/?page_id=45"},"modified":"2026-01-06T06:45:52","modified_gmt":"2026-01-06T06:45:52","slug":"felvetel-az-ovodaba","status":"publish","type":"page","link":"https:\/\/ovoda.csillagberek.hu\/?page_id=45","title":{"rendered":"Felv\u00e9tel az \u00f3vod\u00e1ba"},"content":{"rendered":"\n<p><strong>A Csillagberek Waldorf \u00d3voda felv\u00e9telt hirdet a 2026\/27-es nevel\u00e9si \u00e9vre, a Waldorf nevel\u00e9s ir\u00e1nt \u00e9rdekl\u0151d\u0151 csal\u00e1dok \u00f3vod\u00e1s kor\u00fa (3,5 &#8211; 6 \u00e9v k\u00f6z\u00f6tti) gyermekei sz\u00e1m\u00e1ra.<\/strong><\/p>\n\n\n\n<p>K\u00c9RJ\u00dcK, AKKOR JELENTKEZZETEK, HA A HONLAP ALAPJ\u00c1N T\u00c1J\u00c9KOZ\u00d3DTATOK AZ \u00d3VOD\u00c1R\u00d3L, \u00c9S A SZ\u00dcL\u0150I SZEREPV\u00c1LLAL\u00c1S R\u00c9SSZEL MAXIM\u00c1LISAN AZONOSULNI TUDTOK. AZ \u00d3VOD\u00c1BA CSAL\u00c1DOKAT VESZ\u00dcNK FEL.<\/p>\n\n\n\n<p><strong>T\u00e1j\u00e9koztat\u00f3 el\u0151ad\u00e1s sz\u00fcl\u0151knek: 2026. janu\u00e1r 22. (cs\u00fct\u00f6rt\u00f6k) 17 \u00f3ra<\/strong><br><strong>Jelentkez\u00e9si hat\u00e1rid\u0151: 2026. febru\u00e1r 1. (vas\u00e1rnap)<\/strong><br>Felv\u00e9teli besz\u00e9lget\u00e9sek: 2026. febru\u00e1r 25-27.<br>D\u00f6nt\u00e9s &#8211; v\u00e1lasz post\u00e1z\u00e1sa: 2026. m\u00e1rcius 6.<br>Beiratkoz\u00e1s: 2026. \u00e1prilis 1. (szerda)<\/p>\n\n\n\n<p>A jelentkez\u00e9si lapot innen tudj\u00e1tok let\u00f6lteni:<br><a href=\"https:\/\/ovoda.csillagberek.hu\/wp-content\/uploads\/2026\/01\/Csillagberek-ovoda-jelentkezesi-lap-2026-27.docx\" data-type=\"URL\" data-id=\"https:\/\/ovoda.csillagberek.hu\/wp-content\/uploads\/2026\/01\/Csillagberek-ovoda-jelentkezesi-lap-2026-27.docx\" target=\"_blank\" rel=\"noreferrer noopener\">Csillagberek \u00f3voda jelentkez\u00e9si lap 2026-27<\/a><\/p>\n\n\n\n<p>K\u00c9RJ\u00dcK, CSATOLJATOK MELL\u00c9 CSAL\u00c1DI FOT\u00d3T \u00c9S A GYERMEKR\u0150L EGY EG\u00c9SZ ALAKOS FOT\u00d3T.<\/p>\n\n\n\n<p>A v\u00e1laszokat<span style=\"color: #ff0000;\"> <strong><em><strong>g\u00e9p<\/strong>pel \u00edrj\u00e1tok, kiv\u00e9ve az indokl\u00e1s r\u00e9szt, azt k\u00e9zzel k\u00e9rj\u00fck. <\/em><\/strong><\/span>A jelentkez\u00e9si lapot a csal\u00e1di \u00e9s a gyermek fot\u00f3j\u00e1val egy\u00fctt <strong>post\u00e1n, valamint emailben<\/strong> <strong>is<\/strong> juttass\u00e1tok el hozz\u00e1nk az al\u00e1bbi el\u00e9rhet\u0151s\u00e9gekre. <br>Levelez\u00e9si c\u00edm: Csillagberek Waldorf \u00d3voda 1042 Budapest, \u00c1rp\u00e1d \u00fat 161-163. <br>Email c\u00edm: <span id=\"cch_f25b6e541905ae\" class=\"_mh6 _wsc\"><span class=\"_3oh- _58nk\">ovoda@csillagberek.hu<\/span><\/span><\/p>\n\n\n\n<p><span id=\"cch_f3587baa38eb8cc\" class=\"_mh6 _wsc\"><span class=\"_3oh- _58nk\">A jelentkez\u00e9si lap be\u00e9rkez\u00e9se ut\u00e1n lehets\u00e9ges, hogy megh\u00edvunk egy szem\u00e9lyes, csal\u00e1di, ismerked\u0151s besz\u00e9lget\u00e9sre, melyen minden fontos k\u00e9rd\u00e9setekre v\u00e1laszt kaptok. <br><\/span><\/span><\/p>\n\n\n\n<figure class=\"wp-block-image\"><a href=\"https:\/\/ovoda.csillagberek.hu\/wp-content\/uploads\/2015\/09\/csoport.jpg\"><img loading=\"lazy\" width=\"632\" height=\"356\" src=\"https:\/\/ovoda.csillagberek.hu\/wp-content\/uploads\/2015\/09\/csoport-632x356.jpg\" alt=\"\" class=\"wp-image-559\" srcset=\"https:\/\/ovoda.csillagberek.hu\/wp-content\/uploads\/2015\/09\/csoport-632x356.jpg 632w, https:\/\/ovoda.csillagberek.hu\/wp-content\/uploads\/2015\/09\/csoport-768x432.jpg 768w, https:\/\/ovoda.csillagberek.hu\/wp-content\/uploads\/2015\/09\/csoport-624x351.jpg 624w, https:\/\/ovoda.csillagberek.hu\/wp-content\/uploads\/2015\/09\/csoport.jpg 960w\" sizes=\"(max-width: 632px) 100vw, 632px\" \/><\/a><\/figure>\n\n\n\n<p class=\"has-text-align-center\"><\/p>\n\n\n\n<p><\/p>\n","protected":false},"excerpt":{"rendered":"<p>A Csillagberek Waldorf \u00d3voda felv\u00e9telt hirdet a 2026\/27-es nevel\u00e9si \u00e9vre, a Waldorf nevel\u00e9s ir\u00e1nt \u00e9rdekl\u0151d\u0151 csal\u00e1dok \u00f3vod\u00e1s kor\u00fa (3,5 &#8211; 6 \u00e9v k\u00f6z\u00f6tti) gyermekei sz\u00e1m\u00e1ra. K\u00c9RJ\u00dcK, AKKOR JELENTKEZZETEK, HA A HONLAP ALAPJ\u00c1N T\u00c1J\u00c9KOZ\u00d3DTATOK AZ \u00d3VOD\u00c1R\u00d3L, \u00c9S A SZ\u00dcL\u0150I SZEREPV\u00c1LLAL\u00c1S R\u00c9SSZEL MAXIM\u00c1LISAN AZONOSULNI TUDTOK. AZ \u00d3VOD\u00c1BA CSAL\u00c1DOKAT VESZ\u00dcNK FEL. T\u00e1j\u00e9koztat\u00f3 el\u0151ad\u00e1s sz\u00fcl\u0151knek: 2026. janu\u00e1r 22. (cs\u00fct\u00f6rt\u00f6k) [&hellip;]<\/p>\n","protected":false},"author":8,"featured_media":0,"parent":0,"menu_order":3,"comment_status":"closed","ping_status":"closed","template":"","meta":[],"_links":{"self":[{"href":"https:\/\/ovoda.csillagberek.hu\/index.php?rest_route=\/wp\/v2\/pages\/45"}],"collection":[{"href":"https:\/\/ovoda.csillagberek.hu\/index.php?rest_route=\/wp\/v2\/pages"}],"about":[{"href":"https:\/\/ovoda.csillagberek.hu\/index.php?rest_route=\/wp\/v2\/types\/page"}],"author":[{"embeddable":true,"href":"https:\/\/ovoda.csillagberek.hu\/index.php?rest_route=\/wp\/v2\/users\/8"}],"replies":[{"embeddable":true,"href":"https:\/\/ovoda.csillagberek.hu\/index.php?rest_route=%2Fwp%2Fv2%2Fcomments&post=45"}],"version-history":[{"count":103,"href":"https:\/\/ovoda.csillagberek.hu\/index.php?rest_route=\/wp\/v2\/pages\/45\/revisions"}],"predecessor-version":[{"id":1642,"href":"https:\/\/ovoda.csillagberek.hu\/index.php?rest_route=\/wp\/v2\/pages\/45\/revisions\/1642"}],"wp:attachment":[{"href":"https:\/\/ovoda.csillagberek.hu\/index.php?rest_route=%2Fwp%2Fv2%2Fmedia&parent=45"}],"curies":[{"name":"wp","href":"https:\/\/api.w.org\/{rel}","templated":true}]}}