{"id":429,"date":"2016-11-23T10:44:09","date_gmt":"2016-11-23T10:44:09","guid":{"rendered":"http:\/\/ovoda.csillagberek.hu\/?page_id=429"},"modified":"2024-10-21T05:25:50","modified_gmt":"2024-10-21T05:25:50","slug":"projektjeink","status":"publish","type":"page","link":"https:\/\/ovoda.csillagberek.hu\/?page_id=429","title":{"rendered":"K\u00f6nyveink:  Aranysz\u00e1l \u00e9s Aranyberek"},"content":{"rendered":"\n<p class=\"has-text-align-center\"><strong>\u00daJRA KIAD\u00c1SBAN GONDOKODUNK<\/strong><\/p>\n\n\n\n<p class=\"has-text-align-center\">Szeretn\u00e9nk felm\u00e9rni, hogy milyen p\u00e9ld\u00e1nysz\u00e1mban \u00e9s milyen \u00e1ron tal\u00e1ln\u00e1nak gazd\u00e1ra a k\u00f6nyveink. Ha sz\u00edvesen rendeln\u00e9l a n\u00e9gy &#8211; n\u00e9gy mes\u00e9t tartalmaz\u00f3 gy\u0171jtem\u00e9ny\u00fcnkb\u0151l, k\u00e9rj\u00fck t\u00f6ltsd ki az al\u00e1bbit k\u00e9rd\u0151\u00edvet. K\u00f6sz\u00f6nj\u00fck sz\u00e9pen!<\/p>\n\n\n\n<p class=\"has-text-align-center\"><strong><a rel=\"noreferrer noopener\" href=\"https:\/\/docs.google.com\/forms\/d\/e\/1FAIpQLSf5XAvtYWRKn7N8aq9-HtSnDfjec65gKFVgwA1eYljvsxKIsw\/viewform?fbclid=IwY2xjawGB1khleHRuA2FlbQIxMAABHRBIr679pTgNef3KUd0SORx-MTAG0uRZ5Kqa_cjxII45Cwfl8hteeMfY2Q_aem_ZKr0238H9Qwz3uCLYc9yQA\" target=\"_blank\"><span class=\"has-inline-color has-dark-gray-color\">K\u00e9rd\u0151\u00edv<\/span><\/a><\/strong><\/p>\n\n\n\n<p class=\"has-text-align-center\">N\u00e9h\u00e1ny \u00e9ve egy gy\u00f6ny\u00f6r\u0171 mesek\u00f6nyvet \u00e1lmodtunk meg, <strong><em>Aranysz\u00e1l <\/em><\/strong>lett a c\u00edme. \u00d6sszesen n\u00e9gy mese szerepel benne, h\u00e1rom Grimm mese &#8211; Csipker\u00f3zsika, Sz\u00e9tt\u00e1ncolt cipell\u0151k \u00e9s Jancsi \u00e9s Juliska (itt J\u00e1noska \u00e9s Margitka), valamint egy magyar n\u00e9pmese &#8211; A kiskond\u00e1s. Az illusztr\u00e1ci\u00f3k a sz\u00fcl\u0151k \u00e9s az \u00f3v\u00f3n\u0151k \u00e1ltal bemutatott b\u00e1bel\u0151ad\u00e1sokb\u00f3l val\u00f3k. A mesek\u00f6nyv egyedis\u00e9ge, hogy a sz\u00f6veg v\u00e9gig nyomtatott nagybet\u0171s. Els\u0151sorban az olvasni tanul\u00f3 koroszt\u00e1lynak lehet nagyszer\u0171 aj\u00e1nd\u00e9k, de f\u00e1radt sz\u00fcl\u0151knek, szem\u00fcveget visel\u0151 nagysz\u00fcl\u0151knek is hasznos. &#8211; Meg persze mindenkinek. Nagy \u00f6r\u00f6m\u00fcnkre szolg\u00e1lt, hogy a hatalmas \u00e9rdekl\u0151d\u00e9s eredm\u00e9nyek\u00e9nt a k\u00f6nyv az utols\u00f3 p\u00e9ld\u00e1nyig elfogyott.<\/p>\n\n\n\n<figure class=\"wp-block-image\"><a href=\"https:\/\/ovoda.csillagberek.hu\/wp-content\/uploads\/2016\/11\/Aranysz\u00e1l1.jpg\"><img loading=\"lazy\" width=\"609\" height=\"878\" src=\"https:\/\/ovoda.csillagberek.hu\/wp-content\/uploads\/2016\/11\/Aranysz\u00e1l1.jpg\" alt=\"aranyszal1\" class=\"wp-image-431\"\/><\/a><\/figure>\n\n\n\n<figure class=\"wp-block-image\"><a href=\"https:\/\/ovoda.csillagberek.hu\/wp-content\/uploads\/2016\/11\/Aranysz\u00e1l3.jpg\"><img loading=\"lazy\" width=\"595\" height=\"842\" src=\"https:\/\/ovoda.csillagberek.hu\/wp-content\/uploads\/2016\/11\/Aranysz\u00e1l3.jpg\" alt=\"aranyszal3\" class=\"wp-image-435\"\/><\/a><\/figure>\n\n\n\n<p class=\"has-text-align-center\">A k\u00f6nyv elfogyott, jelenleg nem rendelhet\u0151<\/p>\n\n\n\n<figure class=\"wp-block-image\"><a href=\"https:\/\/ovoda.csillagberek.hu\/wp-content\/uploads\/2017\/10\/DSC_0269-2.jpg\"><img loading=\"lazy\" width=\"632\" height=\"620\" src=\"https:\/\/ovoda.csillagberek.hu\/wp-content\/uploads\/2017\/10\/DSC_0269-2-632x620.jpg\" alt=\"\" class=\"wp-image-502\" srcset=\"https:\/\/ovoda.csillagberek.hu\/wp-content\/uploads\/2017\/10\/DSC_0269-2-632x620.jpg 632w, https:\/\/ovoda.csillagberek.hu\/wp-content\/uploads\/2017\/10\/DSC_0269-2-768x753.jpg 768w, https:\/\/ovoda.csillagberek.hu\/wp-content\/uploads\/2017\/10\/DSC_0269-2-1020x1000.jpg 1020w, https:\/\/ovoda.csillagberek.hu\/wp-content\/uploads\/2017\/10\/DSC_0269-2-624x612.jpg 624w\" sizes=\"(max-width: 632px) 100vw, 632px\" \/><\/a><\/figure>\n\n\n\n<p>Mesek\u00f6nyv\u00fcnk folytat\u00e1sa, egy \u00fajabb mesegy\u0171jtem\u00e9ny, <strong><em>Aranyberek<\/em><\/strong> c\u00edmmel jelent meg, \u00e9s ism\u00e9t n\u00e9gy t\u00f6rt\u00e9netet tal\u00e1lhattatok benne:&nbsp; A rozmarintsz\u00e1l (magyar n\u00e9pmese), Az erdei any\u00f3, A m\u00e9hkir\u00e1lyn\u0151, Szamaracska (Grimm mes\u00e9k) &#8211; tov\u00e1bbra is gy\u00f6ny\u00f6r\u0171 b\u00e1bfot\u00f3kkal, \u00e9s v\u00e1ltozatlanul, nyomtatott nagybet\u0171vel. Nagy \u00f6r\u00f6m\u00fcnkre szolg\u00e1lt, hogy szint\u00e9n az utols\u00f3 p\u00e9ld\u00e1nyig elfogyott.<\/p>\n\n\n\n<figure class=\"wp-block-image\"><a href=\"https:\/\/ovoda.csillagberek.hu\/wp-content\/uploads\/2016\/11\/aranyberek_cover.jpg\"><img loading=\"lazy\" width=\"632\" height=\"954\" src=\"https:\/\/ovoda.csillagberek.hu\/wp-content\/uploads\/2016\/11\/aranyberek_cover-632x954.jpg\" alt=\"\" class=\"wp-image-474\" srcset=\"https:\/\/ovoda.csillagberek.hu\/wp-content\/uploads\/2016\/11\/aranyberek_cover-632x954.jpg 632w, https:\/\/ovoda.csillagberek.hu\/wp-content\/uploads\/2016\/11\/aranyberek_cover-768x1160.jpg 768w, https:\/\/ovoda.csillagberek.hu\/wp-content\/uploads\/2016\/11\/aranyberek_cover-624x942.jpg 624w, https:\/\/ovoda.csillagberek.hu\/wp-content\/uploads\/2016\/11\/aranyberek_cover.jpg 882w\" sizes=\"(max-width: 632px) 100vw, 632px\" \/><\/a><\/figure>\n\n\n\n<div class=\"wp-block-image\"><figure class=\"aligncenter\"><a href=\"https:\/\/ovoda.csillagberek.hu\/wp-content\/uploads\/2017\/10\/DSC_0255-2.jpg\"><img loading=\"lazy\" width=\"632\" height=\"562\" src=\"https:\/\/ovoda.csillagberek.hu\/wp-content\/uploads\/2017\/10\/DSC_0255-2-632x562.jpg\" alt=\"\" class=\"wp-image-511\" srcset=\"https:\/\/ovoda.csillagberek.hu\/wp-content\/uploads\/2017\/10\/DSC_0255-2-632x562.jpg 632w, https:\/\/ovoda.csillagberek.hu\/wp-content\/uploads\/2017\/10\/DSC_0255-2-768x683.jpg 768w, https:\/\/ovoda.csillagberek.hu\/wp-content\/uploads\/2017\/10\/DSC_0255-2-1020x907.jpg 1020w, https:\/\/ovoda.csillagberek.hu\/wp-content\/uploads\/2017\/10\/DSC_0255-2-624x555.jpg 624w\" sizes=\"(max-width: 632px) 100vw, 632px\" \/><\/a><\/figure><\/div>\n\n\n\n<div class=\"wp-block-image\"><figure class=\"aligncenter\"><img src=\"https:\/\/ci3.googleusercontent.com\/proxy\/wt0bZhRNQNOZ1o28Q0gVFeMqudfMJHRXG9m8Mpa4j21Meg1SebvBZngqYBzmRJWXofnWHTgOY9xuapltgHRcPCcdphu6FOnwZcRGHfgwg2PzrOSBDB8RbHVYtO8Ol0Q8_df8AvI4DOirvlt87tVE_PY9fCeLKBb8dAEm2rA=s0-d-e1-ft#https:\/\/gallery.mailchimp.com\/5ea9320ffc043a09c2c2402b1\/images\/44d919b4-cfc7-4dae-bf32-f5646d800877.jpg\" alt=\"\"\/><\/figure><\/div>\n\n\n\n<figure class=\"wp-block-image\"><a href=\"https:\/\/ovoda.csillagberek.hu\/wp-content\/uploads\/2017\/09\/mintaoldal1.jpg\"><img loading=\"lazy\" width=\"484\" height=\"655\" src=\"https:\/\/ovoda.csillagberek.hu\/wp-content\/uploads\/2017\/09\/mintaoldal1.jpg\" alt=\"\" class=\"wp-image-483\"\/><\/a><\/figure>\n\n\n\n<figure class=\"wp-block-image\"><a href=\"https:\/\/ovoda.csillagberek.hu\/wp-content\/uploads\/2017\/09\/mintaoldal4.jpg\"><img loading=\"lazy\" width=\"504\" height=\"695\" src=\"https:\/\/ovoda.csillagberek.hu\/wp-content\/uploads\/2017\/09\/mintaoldal4.jpg\" alt=\"\" class=\"wp-image-484\"\/><\/a><\/figure>\n\n\n\n<figure class=\"wp-block-image\"><a href=\"https:\/\/ovoda.csillagberek.hu\/wp-content\/uploads\/2017\/09\/mintaoldal2.jpg\"><img loading=\"lazy\" width=\"516\" height=\"683\" src=\"https:\/\/ovoda.csillagberek.hu\/wp-content\/uploads\/2017\/09\/mintaoldal2.jpg\" alt=\"\" class=\"wp-image-482\"\/><\/a><\/figure>\n\n\n\n<figure class=\"wp-block-image\"><a href=\"https:\/\/ovoda.csillagberek.hu\/wp-content\/uploads\/2017\/09\/mintaoldal3.jpg\"><img loading=\"lazy\" width=\"512\" height=\"703\" src=\"https:\/\/ovoda.csillagberek.hu\/wp-content\/uploads\/2017\/09\/mintaoldal3.jpg\" alt=\"\" class=\"wp-image-481\"\/><\/a><\/figure>\n\n\n\n<p><\/p>\n","protected":false},"excerpt":{"rendered":"<p>\u00daJRA KIAD\u00c1SBAN GONDOKODUNK Szeretn\u00e9nk felm\u00e9rni, hogy milyen p\u00e9ld\u00e1nysz\u00e1mban \u00e9s milyen \u00e1ron tal\u00e1ln\u00e1nak gazd\u00e1ra a k\u00f6nyveink. Ha sz\u00edvesen rendeln\u00e9l a n\u00e9gy &#8211; n\u00e9gy mes\u00e9t tartalmaz\u00f3 gy\u0171jtem\u00e9ny\u00fcnkb\u0151l, k\u00e9rj\u00fck t\u00f6ltsd ki az al\u00e1bbit k\u00e9rd\u0151\u00edvet. K\u00f6sz\u00f6nj\u00fck sz\u00e9pen! K\u00e9rd\u0151\u00edv N\u00e9h\u00e1ny \u00e9ve egy gy\u00f6ny\u00f6r\u0171 mesek\u00f6nyvet \u00e1lmodtunk meg, Aranysz\u00e1l lett a c\u00edme. \u00d6sszesen n\u00e9gy mese szerepel benne, h\u00e1rom Grimm mese &#8211; Csipker\u00f3zsika, [&hellip;]<\/p>\n","protected":false},"author":6,"featured_media":0,"parent":123,"menu_order":8,"comment_status":"closed","ping_status":"closed","template":"","meta":[],"_links":{"self":[{"href":"https:\/\/ovoda.csillagberek.hu\/index.php?rest_route=\/wp\/v2\/pages\/429"}],"collection":[{"href":"https:\/\/ovoda.csillagberek.hu\/index.php?rest_route=\/wp\/v2\/pages"}],"about":[{"href":"https:\/\/ovoda.csillagberek.hu\/index.php?rest_route=\/wp\/v2\/types\/page"}],"author":[{"embeddable":true,"href":"https:\/\/ovoda.csillagberek.hu\/index.php?rest_route=\/wp\/v2\/users\/6"}],"replies":[{"embeddable":true,"href":"https:\/\/ovoda.csillagberek.hu\/index.php?rest_route=%2Fwp%2Fv2%2Fcomments&post=429"}],"version-history":[{"count":21,"href":"https:\/\/ovoda.csillagberek.hu\/index.php?rest_route=\/wp\/v2\/pages\/429\/revisions"}],"predecessor-version":[{"id":1446,"href":"https:\/\/ovoda.csillagberek.hu\/index.php?rest_route=\/wp\/v2\/pages\/429\/revisions\/1446"}],"up":[{"embeddable":true,"href":"https:\/\/ovoda.csillagberek.hu\/index.php?rest_route=\/wp\/v2\/pages\/123"}],"wp:attachment":[{"href":"https:\/\/ovoda.csillagberek.hu\/index.php?rest_route=%2Fwp%2Fv2%2Fmedia&parent=429"}],"curies":[{"name":"wp","href":"https:\/\/api.w.org\/{rel}","templated":true}]}}