{"id":39,"date":"2015-09-30T08:21:26","date_gmt":"2015-09-30T08:21:26","guid":{"rendered":"http:\/\/ovoda.csillagberek.hu\/?page_id=39"},"modified":"2022-04-11T15:52:32","modified_gmt":"2022-04-11T15:52:32","slug":"csillagberek-waldorf-ovoda","status":"publish","type":"page","link":"https:\/\/ovoda.csillagberek.hu\/?page_id=39","title":{"rendered":"GY. I. K."},"content":{"rendered":"<p>Az al\u00e1bbiakban igyekezt\u00fcnk megv\u00e1laszolni\u00a0n\u00e9h\u00e1ny gyakran elhangz\u00f3 k\u00e9rd\u00e9st. A <a href=\"https:\/\/ovoda.csillagberek.hu\/wp-content\/uploads\/2015\/11\/Fuveskonyv.pdf\" target=\"_blank\" rel=\"noopener noreferrer\">F\u00fcvesk\u00f6nyvben<\/a> is sok inform\u00e1ci\u00f3t tal\u00e1lhattok az \u00f3voda \u00e9let\u00e9vel kapcsolatban.\u00a0<a href=\"https:\/\/ovoda.csillagberek.hu\/?page_id=92\" target=\"_blank\" rel=\"noopener noreferrer\">El\u00e9rhet\u0151s\u00e9geinken<\/a> term\u00e9szetesen sz\u00edvesen v\u00e1laszolunk a felmer\u00fcl\u0151 egy\u00e9b k\u00e9rd\u00e9sekre.<\/p>\n<ul>\n<li><strong>H\u00e1ny \u00e9ves kort\u00f3l lehet jelentkezni az \u00f3vod\u00e1ba?<\/strong><\/li>\n<\/ul>\n<p>A gyermekek jelentkez\u00e9s\u00e9t <em>3 \u00e9s f\u00e9l &#8211; n\u00e9gy \u00e9ves koruk bet\u00f6lt\u00e9se k\u00f6r\u00fcl<\/em> tudjuk fogadni. Ennek magyar\u00e1zata, hogy a gyermekek \u00e1ltal\u00e1ban 3 \u00e9s 4 \u00e9ves koruk k\u00f6z\u00f6tt v\u00e1lnak \u00e9rett\u00e9 arra, hogy egy k\u00f6z\u00f6ss\u00e9gbe beilleszkedjenek. A felv\u00e9telr\u0151l a mindenkori nevel\u0151test\u00fclet d\u00f6nt.<\/p>\n<ul>\n<li><strong>\u00a0<\/strong><strong>H\u00e1ny csoport van az \u00f3vod\u00e1ban? Vegyes csoport van-e?<\/strong><\/li>\n<\/ul>\n<p>\u00d3vod\u00e1nkban egy, vegyes \u00e9letkor\u00fa gyerekekb\u0151l \u00e1ll\u00f3 csoport m\u0171k\u00f6dik, 25 f\u0151vel.<\/p>\n<ul>\n<li><strong>Meddig tart az \u00f3vodai nap?<\/strong><\/li>\n<\/ul>\n<p>Az \u00f3vodai nap 7:30-t\u00f3l 13:00 ig tart. A d\u00e9lut\u00e1n pedig 15:30 -ig. DE oda nem minden gyermeknek tudunk helyet biztos\u00edtani. A r\u00e9szletes napirend megtal\u00e1lhat\u00f3 a <a href=\"https:\/\/ovoda.csillagberek.hu\/?page_id=81\">Ritmus<\/a> men\u00fcpontban.<\/p>\n<ul>\n<li><strong>A sz\u00fcl\u0151knek mennyi elfoglalts\u00e1got jelent, ha Waldorf-ovis lesz a gyermek\u00fck?<\/strong><\/li>\n<\/ul>\n<p>Havi rendszeress\u00e9ggel szervez\u00fcnk sz\u00fcl\u0151i esteket, melyeken javasoljuk a r\u00e9szv\u00e9telt.\u00a0A csal\u00e1dok heti v\u00e1lt\u00e1sban takar\u00edtanak az \u00f3vod\u00e1ban, moss\u00e1k a gyerekek \u00e1ltal haszn\u00e1lt text\u00edli\u00e1kat (k\u00e9zt\u00f6rl\u0151k, k\u00f6t\u00e9nyek, szalv\u00e9t\u00e1k) \u00e9s int\u00e9zik a bev\u00e1s\u00e1rl\u00e1st. (\u00c1ltal\u00e1ban \u00e9vente 2-3 alkalommal jut egy-egy\u00a0feladat egy csal\u00e1dra.)\u00a0Ezen fel\u00fcl vannak id\u00e9nymunk\u00e1k, \u00e9s egy\u00e9ni v\u00e1llal\u00e1sok is.<\/p>\n<ul>\n<li><strong>A gyerekek t\u00e9nyleg kimennek az udvarra akkor is, ha \u201erossz id\u0151\u201d van?<\/strong><\/li>\n<\/ul>\n<p>Igen. \u00dagy tartjuk, hogy nincs rossz id\u0151, csak alkalmatlan ruh\u00e1zat. Mindenkinek van v\u00edzhatlan es\u0151ruh\u00e1ja, gumicsizm\u00e1ja, ill. ezek t\u00e9li v\u00e1ltozata, ami biztos\u00edtja, hogy mindenf\u00e9le id\u0151ben komfortosan \u00e9rezz\u00e9k magukat a gyerekek az udvaron.<\/p>\n<ul>\n<li><strong>\u00a0<\/strong><strong>Milyen \u00e9teleket kapnak a gyerekek az oviban?<\/strong><\/li>\n<\/ul>\n<p>\u00d3vod\u00e1nkban veget\u00e1ri\u00e1nus \u00e9tkez\u00e9s van, b\u0151vebb inform\u00e1ci\u00f3 a <a href=\"https:\/\/ovoda.csillagberek.hu\/?page_id=83\">Gabonakonyha<\/a>\u00a0men\u00fcpont alatt. Eb\u00e9det az Amalthea K\u00f6z\u00f6ss\u00e9gi Sz\u00f6vetkezett\u0151l rendel\u00fcnk.<\/p>\n<ul>\n<li><strong>\u00c9telallergi\u00e1s a gyermekem, megoldhat\u00f3 sz\u00e1m\u00e1ra az egy\u00e9ni \u00e9tkez\u00e9s?<\/strong><\/li>\n<\/ul>\n<p>Jelenleg is j\u00e1rnak hozz\u00e1nk \u00e9telallergi\u00e1s gyerekek. A csal\u00e1dokkal egy\u00fcttm\u0171k\u00f6dve maxim\u00e1lisan odafigyel\u00fcnk az egy\u00e9ni ig\u00e9nyekre.<\/p>\n<ul>\n<li><strong>SNI-s gyerek jelentkezhet-e az \u00f3vod\u00e1ba? <\/strong><\/li>\n<\/ul>\n<p>Jelenleg nem tudunk SNI-s gyermeket fogadni, megfelel\u0151 szakemberek h\u00edj\u00e1n.<\/p>\n<ul>\n<li><strong>Mennyi az alap\u00edtv\u00e1nyi hozz\u00e1j\u00e1rul\u00e1s m\u00e9rt\u00e9ke?<\/strong><\/li>\n<\/ul>\n<p>A csal\u00e1dok havi rendszeress\u00e9ggel fizetnek alap\u00edtv\u00e1nyi hozz\u00e1j\u00e1rul\u00e1st, az \u00e1llami t\u00e1mogat\u00e1st kieg\u00e9sz\u00edtend\u0151, melynek \u00f6sszege \u00e9vr\u0151l-\u00e9vre ker\u00fcl meg\u00e1llap\u00edt\u00e1sra. Felv\u00e9telkor egyszeri alkalommal \u201esz\u00e9kfoglal\u00f3\u201d befizet\u00e9s\u00e9vel t\u00e1mogatj\u00e1k a csal\u00e1dok az \u00f3vod\u00e1t.<\/p>\n<p style=\"text-align: center;\"><a href=\"https:\/\/ovoda.csillagberek.hu\/wp-content\/uploads\/2015\/09\/\u0151sz3.jpg\"><img loading=\"lazy\" class=\"wp-image-561 aligncenter\" src=\"https:\/\/ovoda.csillagberek.hu\/wp-content\/uploads\/2015\/09\/\u0151sz3-632x356.jpg\" alt=\"\" width=\"513\" height=\"289\" srcset=\"https:\/\/ovoda.csillagberek.hu\/wp-content\/uploads\/2015\/09\/\u0151sz3-632x356.jpg 632w, https:\/\/ovoda.csillagberek.hu\/wp-content\/uploads\/2015\/09\/\u0151sz3-768x432.jpg 768w, https:\/\/ovoda.csillagberek.hu\/wp-content\/uploads\/2015\/09\/\u0151sz3-624x351.jpg 624w, https:\/\/ovoda.csillagberek.hu\/wp-content\/uploads\/2015\/09\/\u0151sz3.jpg 960w\" sizes=\"(max-width: 513px) 100vw, 513px\" \/><\/a><\/p>\n","protected":false},"excerpt":{"rendered":"<p>Az al\u00e1bbiakban igyekezt\u00fcnk megv\u00e1laszolni\u00a0n\u00e9h\u00e1ny gyakran elhangz\u00f3 k\u00e9rd\u00e9st. A F\u00fcvesk\u00f6nyvben is sok inform\u00e1ci\u00f3t tal\u00e1lhattok az \u00f3voda \u00e9let\u00e9vel kapcsolatban.\u00a0El\u00e9rhet\u0151s\u00e9geinken term\u00e9szetesen sz\u00edvesen v\u00e1laszolunk a felmer\u00fcl\u0151 egy\u00e9b k\u00e9rd\u00e9sekre. H\u00e1ny \u00e9ves kort\u00f3l lehet jelentkezni az \u00f3vod\u00e1ba? A gyermekek jelentkez\u00e9s\u00e9t 3 \u00e9s f\u00e9l &#8211; n\u00e9gy \u00e9ves koruk bet\u00f6lt\u00e9se k\u00f6r\u00fcl tudjuk fogadni. Ennek magyar\u00e1zata, hogy a gyermekek \u00e1ltal\u00e1ban 3 \u00e9s 4 \u00e9ves [&hellip;]<\/p>\n","protected":false},"author":2,"featured_media":0,"parent":0,"menu_order":3,"comment_status":"open","ping_status":"closed","template":"","meta":[],"_links":{"self":[{"href":"https:\/\/ovoda.csillagberek.hu\/index.php?rest_route=\/wp\/v2\/pages\/39"}],"collection":[{"href":"https:\/\/ovoda.csillagberek.hu\/index.php?rest_route=\/wp\/v2\/pages"}],"about":[{"href":"https:\/\/ovoda.csillagberek.hu\/index.php?rest_route=\/wp\/v2\/types\/page"}],"author":[{"embeddable":true,"href":"https:\/\/ovoda.csillagberek.hu\/index.php?rest_route=\/wp\/v2\/users\/2"}],"replies":[{"embeddable":true,"href":"https:\/\/ovoda.csillagberek.hu\/index.php?rest_route=%2Fwp%2Fv2%2Fcomments&post=39"}],"version-history":[{"count":18,"href":"https:\/\/ovoda.csillagberek.hu\/index.php?rest_route=\/wp\/v2\/pages\/39\/revisions"}],"predecessor-version":[{"id":967,"href":"https:\/\/ovoda.csillagberek.hu\/index.php?rest_route=\/wp\/v2\/pages\/39\/revisions\/967"}],"wp:attachment":[{"href":"https:\/\/ovoda.csillagberek.hu\/index.php?rest_route=%2Fwp%2Fv2%2Fmedia&parent=39"}],"curies":[{"name":"wp","href":"https:\/\/api.w.org\/{rel}","templated":true}]}}