{"id":28,"date":"2024-09-02T08:57:00","date_gmt":"2024-09-02T08:57:00","guid":{"rendered":"http:\/\/ovoda.csillagberek.hu\/?page_id=28"},"modified":"2025-03-11T14:49:05","modified_gmt":"2025-03-11T14:49:05","slug":"az-ovoda-dokumentumai","status":"publish","type":"page","link":"https:\/\/ovoda.csillagberek.hu\/?page_id=28","title":{"rendered":"Az \u00f3voda dokumentumai"},"content":{"rendered":"<p><a href=\"https:\/\/ovoda.csillagberek.hu\/wp-content\/uploads\/2021\/04\/Pedag\u00f3giai-program-2021_tartalom.pdf\" target=\"_blank\" rel=\"noopener\">Pedag\u00f3giai program 2021<\/a><\/p>\n<p><a href=\"https:\/\/ovoda.csillagberek.hu\/wp-content\/uploads\/2025\/03\/GDPR-Csillagberek-2024_25-evre.pdf\" target=\"_blank\" rel=\"noopener\">Adatkezel\u00e9si_t\u00e1j\u00e9koztat\u00e1s_CSWO 2024-25<\/a><\/p>\n<p><a href=\"https:\/\/ovoda.csillagberek.hu\/wp-content\/uploads\/2023\/09\/Fuveskonyv_2023_v4.pdf\" target=\"_blank\" rel=\"noopener\">F\u00fcvesk\u00f6nyv 2023<\/a><\/p>\n<p><a href=\"https:\/\/ovoda.csillagberek.hu\/wp-content\/uploads\/2024\/09\/alapito_okirat_2020.pdf\" target=\"_blank\" rel=\"noopener\"><span class=\"has-inline-color has-blue-color\">Csillagberek Waldorf \u00d3voda alap\u00edt\u00f3 okirat 2020<\/span><\/a><\/p>\n<p><a href=\"https:\/\/ovoda.csillagberek.hu\/wp-content\/uploads\/2025\/03\/2024_Hazirend.pdf\" target=\"_blank\" rel=\"noopener\">H\u00e1zirend_2024<\/a><\/p>\n<p><a href=\"https:\/\/ovoda.csillagberek.hu\/wp-content\/uploads\/2025\/03\/2024_SZMSZ.pdf\" target=\"_blank\" rel=\"noopener\">Szervezeti \u00e9s M\u0171k\u00f6d\u00e9si Szab\u00e1lyzat 2024<\/a><\/p>\n<p style=\"text-align: center;\"><a href=\"https:\/\/ovoda.csillagberek.hu\/wp-content\/uploads\/2015\/11\/\u0151szi2.jpg\"><img loading=\"lazy\" class=\"alignnone size-medium wp-image-551\" src=\"https:\/\/ovoda.csillagberek.hu\/wp-content\/uploads\/2015\/11\/\u0151szi2-632x356.jpg\" alt=\"\" width=\"632\" height=\"356\" srcset=\"https:\/\/ovoda.csillagberek.hu\/wp-content\/uploads\/2015\/11\/\u0151szi2-632x356.jpg 632w, https:\/\/ovoda.csillagberek.hu\/wp-content\/uploads\/2015\/11\/\u0151szi2-768x432.jpg 768w, https:\/\/ovoda.csillagberek.hu\/wp-content\/uploads\/2015\/11\/\u0151szi2-624x351.jpg 624w, https:\/\/ovoda.csillagberek.hu\/wp-content\/uploads\/2015\/11\/\u0151szi2.jpg 960w\" sizes=\"(max-width: 632px) 100vw, 632px\" \/><\/a><\/p>\n","protected":false},"excerpt":{"rendered":"<p>Pedag\u00f3giai program 2021 Adatkezel\u00e9si_t\u00e1j\u00e9koztat\u00e1s_CSWO 2024-25 F\u00fcvesk\u00f6nyv 2023 Csillagberek Waldorf \u00d3voda alap\u00edt\u00f3 okirat 2020 H\u00e1zirend_2024 Szervezeti \u00e9s M\u0171k\u00f6d\u00e9si Szab\u00e1lyzat 2024<\/p>\n","protected":false},"author":2,"featured_media":0,"parent":123,"menu_order":4,"comment_status":"closed","ping_status":"closed","template":"","meta":[],"_links":{"self":[{"href":"https:\/\/ovoda.csillagberek.hu\/index.php?rest_route=\/wp\/v2\/pages\/28"}],"collection":[{"href":"https:\/\/ovoda.csillagberek.hu\/index.php?rest_route=\/wp\/v2\/pages"}],"about":[{"href":"https:\/\/ovoda.csillagberek.hu\/index.php?rest_route=\/wp\/v2\/types\/page"}],"author":[{"embeddable":true,"href":"https:\/\/ovoda.csillagberek.hu\/index.php?rest_route=\/wp\/v2\/users\/2"}],"replies":[{"embeddable":true,"href":"https:\/\/ovoda.csillagberek.hu\/index.php?rest_route=%2Fwp%2Fv2%2Fcomments&post=28"}],"version-history":[{"count":59,"href":"https:\/\/ovoda.csillagberek.hu\/index.php?rest_route=\/wp\/v2\/pages\/28\/revisions"}],"predecessor-version":[{"id":1518,"href":"https:\/\/ovoda.csillagberek.hu\/index.php?rest_route=\/wp\/v2\/pages\/28\/revisions\/1518"}],"up":[{"embeddable":true,"href":"https:\/\/ovoda.csillagberek.hu\/index.php?rest_route=\/wp\/v2\/pages\/123"}],"wp:attachment":[{"href":"https:\/\/ovoda.csillagberek.hu\/index.php?rest_route=%2Fwp%2Fv2%2Fmedia&parent=28"}],"curies":[{"name":"wp","href":"https:\/\/api.w.org\/{rel}","templated":true}]}}