{"id":156,"date":"2015-11-18T09:04:04","date_gmt":"2015-11-18T09:04:04","guid":{"rendered":"http:\/\/ovoda.csillagberek.hu\/?page_id=156"},"modified":"2023-04-30T02:08:05","modified_gmt":"2023-04-30T02:08:05","slug":"szja-1-felajanlasa","status":"publish","type":"page","link":"https:\/\/ovoda.csillagberek.hu\/?page_id=156","title":{"rendered":"SZJA 1% felaj\u00e1nl\u00e1sa"},"content":{"rendered":"<div>Ad\u00f3d 1%-\u00e1val Te is t\u00e1mogathatod int\u00e9zm\u00e9ny\u00fcnket, mely fenn\u00e1ll\u00e1s\u00e1nak t\u00f6bb mint 10 \u00e9ve alatt m\u00e1r sok-sok gyermek \u00e9s csal\u00e1d sz\u00e1m\u00e1ra volt \u00f3v\u00f3, megtart\u00f3 \u00e9s inspir\u00e1l\u00f3 k\u00f6z\u00f6ss\u00e9g. Seg\u00edts fenntartani azt a csod\u00e1t, amit \u00dajpesten, a panelh\u00e1zak \u00f6lel\u00e9s\u00e9ben l\u00e9trehoztunk.<\/div>\n<div><\/div>\n<div>\n<div style=\"width: 625px;\" class=\"wp-video\"><!--[if lt IE 9]><script>document.createElement('video');<\/script><![endif]-->\n<video class=\"wp-video-shortcode\" id=\"video-156-1\" width=\"625\" height=\"352\" preload=\"metadata\" controls=\"controls\"><source type=\"video\/mp4\" src=\"https:\/\/ovoda.csillagberek.hu\/wp-content\/uploads\/2023\/04\/CSB_Ado1szazalek.mp4?_=1\" \/><a href=\"https:\/\/ovoda.csillagberek.hu\/wp-content\/uploads\/2023\/04\/CSB_Ado1szazalek.mp4\">https:\/\/ovoda.csillagberek.hu\/wp-content\/uploads\/2023\/04\/CSB_Ado1szazalek.mp4<\/a><\/video><\/div>\n<p style=\"text-align: center;\">___________________________________________________________________________<\/p>\n<\/div>\n<div style=\"text-align: center;\"><a href=\"https:\/\/ovoda.csillagberek.hu\/wp-content\/uploads\/2022\/04\/278170217_464302452149668_4215348815050109763_n.png\"><img loading=\"lazy\" class=\"alignnone size-medium wp-image-962\" src=\"https:\/\/ovoda.csillagberek.hu\/wp-content\/uploads\/2022\/04\/278170217_464302452149668_4215348815050109763_n-632x356.png\" alt=\"\" width=\"632\" height=\"356\" srcset=\"https:\/\/ovoda.csillagberek.hu\/wp-content\/uploads\/2022\/04\/278170217_464302452149668_4215348815050109763_n-632x356.png 632w, https:\/\/ovoda.csillagberek.hu\/wp-content\/uploads\/2022\/04\/278170217_464302452149668_4215348815050109763_n-1020x575.png 1020w, https:\/\/ovoda.csillagberek.hu\/wp-content\/uploads\/2022\/04\/278170217_464302452149668_4215348815050109763_n-768x433.png 768w, https:\/\/ovoda.csillagberek.hu\/wp-content\/uploads\/2022\/04\/278170217_464302452149668_4215348815050109763_n-1536x865.png 1536w, https:\/\/ovoda.csillagberek.hu\/wp-content\/uploads\/2022\/04\/278170217_464302452149668_4215348815050109763_n-624x352.png 624w, https:\/\/ovoda.csillagberek.hu\/wp-content\/uploads\/2022\/04\/278170217_464302452149668_4215348815050109763_n.png 1640w\" sizes=\"(max-width: 632px) 100vw, 632px\" \/><\/a><\/div>\n<div><\/div>\n<p>A kedvezm\u00e9nyezett ad\u00f3sz\u00e1ma: <strong><span style=\"color: revert; font-size: 18px;\">18033445-2-41<\/span><\/strong><\/p>\n<div>\n<p>Fenti ad\u00f3sz\u00e1m a <strong>Csillagberek Waldorf Alap\u00edtv\u00e1ny<\/strong> ad\u00f3sz\u00e1ma. Alap\u00edtv\u00e1nyunk a Csillagberek Waldorf \u00d3voda \u00e9s a Csillagberek Waldorf \u00c1ltal\u00e1nos Iskola \u00e9s Alapfok\u00fa M\u0171v\u00e9szeti Iskola, valamint a Csillagberek Waldorf Gimn\u00e1zium fenntart\u00f3ja. Az Alap\u00edtv\u00e1ny t\u00e1mogat\u00e1s\u00e1val 2010 \u00f3ta m\u0171k\u00f6d\u0151 \u00f3vod\u00e1nk, 2013-ban indult \u00e1ltal\u00e1nos iskol\u00e1nk \u00e9s 2021-ben indult gimn\u00e1ziumunk m\u0171k\u00f6d\u00e9s\u00e9t seg\u00edted.<\/p>\n<p>T\u00e1mogass minket, ha m\u00f3dodban \u00e1ll!<br \/>\nK\u00f6sz\u00f6nj\u00fck!<\/p>\n<p><a href=\"https:\/\/ovoda.csillagberek.hu\/wp-content\/uploads\/2023\/04\/rendelkezo_nyilatkozat_ado_egyszazalek_upd.doc\">Rendelkez\u0151 nyilatkozat let\u00f6lt\u00e9se&gt;&gt;<\/a><\/p>\n<p style=\"text-align: center;\"><a href=\"https:\/\/ovoda.csillagberek.hu\/wp-content\/uploads\/2015\/11\/csbhimzettlogo.jpg\"><img loading=\"lazy\" class=\"alignnone size-full wp-image-553\" src=\"https:\/\/ovoda.csillagberek.hu\/wp-content\/uploads\/2015\/11\/csbhimzettlogo.jpg\" alt=\"\" width=\"320\" height=\"480\" \/><\/a><\/p>\n<\/div>\n","protected":false},"excerpt":{"rendered":"<p>Ad\u00f3d 1%-\u00e1val Te is t\u00e1mogathatod int\u00e9zm\u00e9ny\u00fcnket, mely fenn\u00e1ll\u00e1s\u00e1nak t\u00f6bb mint 10 \u00e9ve alatt m\u00e1r sok-sok gyermek \u00e9s csal\u00e1d sz\u00e1m\u00e1ra volt \u00f3v\u00f3, megtart\u00f3 \u00e9s inspir\u00e1l\u00f3 k\u00f6z\u00f6ss\u00e9g. Seg\u00edts fenntartani azt a csod\u00e1t, amit \u00dajpesten, a panelh\u00e1zak \u00f6lel\u00e9s\u00e9ben l\u00e9trehoztunk. ___________________________________________________________________________ A kedvezm\u00e9nyezett ad\u00f3sz\u00e1ma: 18033445-2-41 Fenti ad\u00f3sz\u00e1m a Csillagberek Waldorf Alap\u00edtv\u00e1ny ad\u00f3sz\u00e1ma. Alap\u00edtv\u00e1nyunk a Csillagberek Waldorf \u00d3voda \u00e9s a [&hellip;]<\/p>\n","protected":false},"author":6,"featured_media":0,"parent":123,"menu_order":5,"comment_status":"closed","ping_status":"closed","template":"","meta":[],"_links":{"self":[{"href":"https:\/\/ovoda.csillagberek.hu\/index.php?rest_route=\/wp\/v2\/pages\/156"}],"collection":[{"href":"https:\/\/ovoda.csillagberek.hu\/index.php?rest_route=\/wp\/v2\/pages"}],"about":[{"href":"https:\/\/ovoda.csillagberek.hu\/index.php?rest_route=\/wp\/v2\/types\/page"}],"author":[{"embeddable":true,"href":"https:\/\/ovoda.csillagberek.hu\/index.php?rest_route=\/wp\/v2\/users\/6"}],"replies":[{"embeddable":true,"href":"https:\/\/ovoda.csillagberek.hu\/index.php?rest_route=%2Fwp%2Fv2%2Fcomments&post=156"}],"version-history":[{"count":20,"href":"https:\/\/ovoda.csillagberek.hu\/index.php?rest_route=\/wp\/v2\/pages\/156\/revisions"}],"predecessor-version":[{"id":1161,"href":"https:\/\/ovoda.csillagberek.hu\/index.php?rest_route=\/wp\/v2\/pages\/156\/revisions\/1161"}],"up":[{"embeddable":true,"href":"https:\/\/ovoda.csillagberek.hu\/index.php?rest_route=\/wp\/v2\/pages\/123"}],"wp:attachment":[{"href":"https:\/\/ovoda.csillagberek.hu\/index.php?rest_route=%2Fwp%2Fv2%2Fmedia&parent=156"}],"curies":[{"name":"wp","href":"https:\/\/api.w.org\/{rel}","templated":true}]}}