{"id":131,"date":"2015-11-11T19:40:13","date_gmt":"2015-11-11T19:40:13","guid":{"rendered":"http:\/\/ovoda.csillagberek.hu\/?page_id=131"},"modified":"2020-11-17T20:17:29","modified_gmt":"2020-11-17T20:17:29","slug":"a-mi-ovodank","status":"publish","type":"page","link":"https:\/\/ovoda.csillagberek.hu\/?page_id=131","title":{"rendered":"Mindennapjaink"},"content":{"rendered":"<div>\n<p>&#8220;<em>Nap, te ragyogsz a fejem f\u00f6l\u00f6tt,<\/em><\/p>\n<p><em>Csillagok, Ti f\u00e9nyletek mez\u0151 \u00e9s v\u00e1ros f\u00f6l\u00f6tt,<\/em><\/p>\n<p><em>\u00c1llatok mozogtok, ny\u00fczs\u00f6gt\u00f6k a F\u00f6ldany\u00e1n,<\/em><\/p>\n<p><em>N\u00f6v\u00e9nyek, Ti a Nap \u00e9s a F\u00f6ld erej\u00e9b\u0151l \u00e9ltek,<\/em><\/p>\n<p><em>K\u00f6vek, Ti megszil\u00e1rd\u00edtj\u00e1tok az \u00e1llatot, a n\u00f6v\u00e9nyt \u00e9s Engem, az Embert,<\/em><\/p>\n<p><em>Aki Isten erej\u00e9b\u0151l j\u00e1r-kel a vil\u00e1gban.&#8221;<\/em><\/p>\n<p>(Rudolf Steiner)<\/p>\n<\/div>\n<div><a href=\"https:\/\/ovoda.csillagberek.hu\/wp-content\/uploads\/2015\/11\/gyerty\u00e1k-Medium.jpg\" rel=\"attachment wp-att-393\"><img loading=\"lazy\" class=\"alignnone size-medium wp-image-393\" src=\"https:\/\/ovoda.csillagberek.hu\/wp-content\/uploads\/2015\/11\/gyerty\u00e1k-Medium-632x474.jpg\" alt=\"gyerty\u00e1k (Medium)\" width=\"632\" height=\"474\" srcset=\"https:\/\/ovoda.csillagberek.hu\/wp-content\/uploads\/2015\/11\/gyerty\u00e1k-Medium-632x474.jpg 632w, https:\/\/ovoda.csillagberek.hu\/wp-content\/uploads\/2015\/11\/gyerty\u00e1k-Medium-768x576.jpg 768w, https:\/\/ovoda.csillagberek.hu\/wp-content\/uploads\/2015\/11\/gyerty\u00e1k-Medium-1020x765.jpg 1020w, https:\/\/ovoda.csillagberek.hu\/wp-content\/uploads\/2015\/11\/gyerty\u00e1k-Medium-624x468.jpg 624w, https:\/\/ovoda.csillagberek.hu\/wp-content\/uploads\/2015\/11\/gyerty\u00e1k-Medium.jpg 1024w\" sizes=\"(max-width: 632px) 100vw, 632px\" \/><\/a><\/div>\n<div><\/div>\n<div><\/div>\n<div><\/div>\n","protected":false},"excerpt":{"rendered":"<p>&#8220;Nap, te ragyogsz a fejem f\u00f6l\u00f6tt, Csillagok, Ti f\u00e9nyletek mez\u0151 \u00e9s v\u00e1ros f\u00f6l\u00f6tt, \u00c1llatok mozogtok, ny\u00fczs\u00f6gt\u00f6k a F\u00f6ldany\u00e1n, N\u00f6v\u00e9nyek, Ti a Nap \u00e9s a F\u00f6ld erej\u00e9b\u0151l \u00e9ltek, K\u00f6vek, Ti megszil\u00e1rd\u00edtj\u00e1tok az \u00e1llatot, a n\u00f6v\u00e9nyt \u00e9s Engem, az Embert, Aki Isten erej\u00e9b\u0151l j\u00e1r-kel a vil\u00e1gban.&#8221; (Rudolf Steiner)<\/p>\n","protected":false},"author":6,"featured_media":0,"parent":0,"menu_order":2,"comment_status":"closed","ping_status":"closed","template":"","meta":[],"_links":{"self":[{"href":"https:\/\/ovoda.csillagberek.hu\/index.php?rest_route=\/wp\/v2\/pages\/131"}],"collection":[{"href":"https:\/\/ovoda.csillagberek.hu\/index.php?rest_route=\/wp\/v2\/pages"}],"about":[{"href":"https:\/\/ovoda.csillagberek.hu\/index.php?rest_route=\/wp\/v2\/types\/page"}],"author":[{"embeddable":true,"href":"https:\/\/ovoda.csillagberek.hu\/index.php?rest_route=\/wp\/v2\/users\/6"}],"replies":[{"embeddable":true,"href":"https:\/\/ovoda.csillagberek.hu\/index.php?rest_route=%2Fwp%2Fv2%2Fcomments&post=131"}],"version-history":[{"count":6,"href":"https:\/\/ovoda.csillagberek.hu\/index.php?rest_route=\/wp\/v2\/pages\/131\/revisions"}],"predecessor-version":[{"id":811,"href":"https:\/\/ovoda.csillagberek.hu\/index.php?rest_route=\/wp\/v2\/pages\/131\/revisions\/811"}],"wp:attachment":[{"href":"https:\/\/ovoda.csillagberek.hu\/index.php?rest_route=%2Fwp%2Fv2%2Fmedia&parent=131"}],"curies":[{"name":"wp","href":"https:\/\/api.w.org\/{rel}","templated":true}]}}